{"id":103,"date":"2025-11-12T18:28:19","date_gmt":"2025-11-12T16:28:19","guid":{"rendered":"https:\/\/www.laptiteaude.fr\/?page_id=103"},"modified":"2026-04-27T15:25:44","modified_gmt":"2026-04-27T13:25:44","slug":"bienvenue-chez-la-ptite-aude","status":"publish","type":"page","link":"https:\/\/www.laptiteaude.fr\/es\/","title":{"rendered":"La Ptite Aude | Entre guidance m\u00e9diumnique &amp; style assum\u00e9"},"content":{"rendered":"<div data-elementor-type=\"wp-page\" data-elementor-id=\"103\" class=\"elementor elementor-103\" data-elementor-post-type=\"page\">\n\t\t\t\t<div class=\"elementor-element elementor-element-d9bfddd e-con-full e-flex wpr-particle-no wpr-jarallax-no wpr-parallax-no wpr-sticky-section-no wpr-equal-height-no e-con e-parent\" data-id=\"d9bfddd\" data-element_type=\"container\" data-e-type=\"container\" data-settings=\"{&quot;background_background&quot;:&quot;classic&quot;}\">\n\t\t\t\t<div class=\"elementor-element elementor-element-c498677 elementor-widget__width-initial elementor-widget elementor-widget-image\" data-id=\"c498677\" data-element_type=\"widget\" data-e-type=\"widget\" data-widget_type=\"image.default\">\n\t\t\t\t\t\t\t\t\t\t\t\t\t\t\t<img fetchpriority=\"high\" decoding=\"async\" width=\"800\" height=\"410\" src=\"https:\/\/www.laptiteaude.fr\/wp-content\/uploads\/2025\/11\/laptiteaude-audrey-joubault-accueil-1024x525.png\" class=\"attachment-large size-large wp-image-123\" alt=\"\" srcset=\"https:\/\/www.laptiteaude.fr\/wp-content\/uploads\/2025\/11\/laptiteaude-audrey-joubault-accueil-1024x525.png 1024w, https:\/\/www.laptiteaude.fr\/wp-content\/uploads\/2025\/11\/laptiteaude-audrey-joubault-accueil-300x154.png 300w, https:\/\/www.laptiteaude.fr\/wp-content\/uploads\/2025\/11\/laptiteaude-audrey-joubault-accueil-768x394.png 768w, https:\/\/www.laptiteaude.fr\/wp-content\/uploads\/2025\/11\/laptiteaude-audrey-joubault-accueil-1536x788.png 1536w, https:\/\/www.laptiteaude.fr\/wp-content\/uploads\/2025\/11\/laptiteaude-audrey-joubault-accueil-2048x1051.png 2048w, https:\/\/www.laptiteaude.fr\/wp-content\/uploads\/2025\/11\/laptiteaude-audrey-joubault-accueil-600x308.png 600w\" sizes=\"(max-width: 800px) 100vw, 800px\" \/>\t\t\t\t\t\t\t\t\t\t\t\t\t\t\t<\/div>\n\t\t\t\t<div class=\"elementor-element elementor-element-428a21c elementor-widget elementor-widget-heading\" data-id=\"428a21c\" data-element_type=\"widget\" data-e-type=\"widget\" data-widget_type=\"heading.default\">\n\t\t\t\t\t<h2 class=\"elementor-heading-title elementor-size-default\">ELIGE TU UNIVERSO<\/h2>\t\t\t\t<\/div>\n\t\t<div class=\"elementor-element elementor-element-20cd326 e-grid e-con-full wpr-particle-no wpr-jarallax-no wpr-parallax-no wpr-sticky-section-no wpr-equal-height-no e-con e-child\" data-id=\"20cd326\" data-element_type=\"container\" data-e-type=\"container\">\n\t\t<div class=\"elementor-element elementor-element-e2e7903 e-con-full e-flex wpr-particle-no wpr-jarallax-no wpr-parallax-no wpr-sticky-section-no wpr-equal-height-no e-con e-child\" data-id=\"e2e7903\" data-element_type=\"container\" data-e-type=\"container\" data-settings=\"{&quot;background_background&quot;:&quot;classic&quot;}\">\n\t\t\t\t<div class=\"elementor-element elementor-element-cca5493 elementor-widget elementor-widget-heading\" data-id=\"cca5493\" data-element_type=\"widget\" data-e-type=\"widget\" data-widget_type=\"heading.default\">\n\t\t\t\t\t<h2 class=\"elementor-heading-title elementor-size-default\">LA TIENDA<\/h2>\t\t\t\t<\/div>\n\t\t\t\t<div class=\"elementor-element elementor-element-077aa12 elementor-widget__width-initial elementor-widget elementor-widget-image\" data-id=\"077aa12\" data-element_type=\"widget\" data-e-type=\"widget\" data-widget_type=\"image.default\">\n\t\t\t\t\t\t\t\t\t\t\t\t\t\t\t\t<a href=\"https:\/\/www.laptiteaude.fr\/es\/boutique\/\">\n\t\t\t\t\t\t\t<img decoding=\"async\" width=\"800\" height=\"947\" src=\"https:\/\/www.laptiteaude.fr\/wp-content\/uploads\/2025\/11\/laptiteaude-audrey-joubault-boutique-1-865x1024.png\" class=\"attachment-large size-large wp-image-125\" alt=\"\" srcset=\"https:\/\/www.laptiteaude.fr\/wp-content\/uploads\/2025\/11\/laptiteaude-audrey-joubault-boutique-1-865x1024.png 865w, https:\/\/www.laptiteaude.fr\/wp-content\/uploads\/2025\/11\/laptiteaude-audrey-joubault-boutique-1-253x300.png 253w, https:\/\/www.laptiteaude.fr\/wp-content\/uploads\/2025\/11\/laptiteaude-audrey-joubault-boutique-1-768x910.png 768w, https:\/\/www.laptiteaude.fr\/wp-content\/uploads\/2025\/11\/laptiteaude-audrey-joubault-boutique-1-1297x1536.png 1297w, https:\/\/www.laptiteaude.fr\/wp-content\/uploads\/2025\/11\/laptiteaude-audrey-joubault-boutique-1-1729x2048.png 1729w, https:\/\/www.laptiteaude.fr\/wp-content\/uploads\/2025\/11\/laptiteaude-audrey-joubault-boutique-1-600x711.png 600w\" sizes=\"(max-width: 800px) 100vw, 800px\" \/>\t\t\t\t\t\t\t\t<\/a>\n\t\t\t\t\t\t\t\t\t\t\t\t\t\t\t<\/div>\n\t\t\t\t<div class=\"elementor-element elementor-element-ab4bdc0 elementor-align-center elementor-widget elementor-widget-button\" data-id=\"ab4bdc0\" data-element_type=\"widget\" data-e-type=\"widget\" data-widget_type=\"button.default\">\n\t\t\t\t\t\t\t\t\t\t<a class=\"elementor-button elementor-button-link elementor-size-sm\" href=\"https:\/\/www.laptiteaude.fr\/es\/boutique\/\">\n\t\t\t\t\t\t<span class=\"elementor-button-content-wrapper\">\n\t\t\t\t\t\t\t\t\t<span class=\"elementor-button-text\">Descubre la colecci\u00f3n<\/span>\n\t\t\t\t\t<\/span>\n\t\t\t\t\t<\/a>\n\t\t\t\t\t\t\t\t<\/div>\n\t\t\t\t<\/div>\n\t\t<div class=\"elementor-element elementor-element-6cbba08 e-con-full e-flex wpr-particle-no wpr-jarallax-no wpr-parallax-no wpr-sticky-section-no wpr-equal-height-no e-con e-child\" data-id=\"6cbba08\" data-element_type=\"container\" data-e-type=\"container\" data-settings=\"{&quot;background_background&quot;:&quot;classic&quot;}\">\n\t\t\t\t<div class=\"elementor-element elementor-element-ae230b3 elementor-widget elementor-widget-heading\" data-id=\"ae230b3\" data-element_type=\"widget\" data-e-type=\"widget\" data-widget_type=\"heading.default\">\n\t\t\t\t\t<h2 class=\"elementor-heading-title elementor-size-default\">CONSULTAS<\/h2>\t\t\t\t<\/div>\n\t\t\t\t<div class=\"elementor-element elementor-element-bf97a6f elementor-widget__width-initial elementor-widget elementor-widget-image\" data-id=\"bf97a6f\" data-element_type=\"widget\" data-e-type=\"widget\" data-widget_type=\"image.default\">\n\t\t\t\t\t\t\t\t\t\t\t\t\t\t\t\t<a href=\"https:\/\/www.laptiteaude.fr\/es\/consultation\/\">\n\t\t\t\t\t\t\t<img decoding=\"async\" width=\"497\" height=\"1024\" src=\"https:\/\/www.laptiteaude.fr\/wp-content\/uploads\/2025\/11\/laptiteaude-audrey-joubault-consultation-497x1024.png\" class=\"attachment-large size-large wp-image-126\" alt=\"\" srcset=\"https:\/\/www.laptiteaude.fr\/wp-content\/uploads\/2025\/11\/laptiteaude-audrey-joubault-consultation-497x1024.png 497w, https:\/\/www.laptiteaude.fr\/wp-content\/uploads\/2025\/11\/laptiteaude-audrey-joubault-consultation-146x300.png 146w, https:\/\/www.laptiteaude.fr\/wp-content\/uploads\/2025\/11\/laptiteaude-audrey-joubault-consultation-768x1581.png 768w, https:\/\/www.laptiteaude.fr\/wp-content\/uploads\/2025\/11\/laptiteaude-audrey-joubault-consultation-746x1536.png 746w, https:\/\/www.laptiteaude.fr\/wp-content\/uploads\/2025\/11\/laptiteaude-audrey-joubault-consultation-995x2048.png 995w, https:\/\/www.laptiteaude.fr\/wp-content\/uploads\/2025\/11\/laptiteaude-audrey-joubault-consultation-600x1235.png 600w, https:\/\/www.laptiteaude.fr\/wp-content\/uploads\/2025\/11\/laptiteaude-audrey-joubault-consultation-scaled.png 1243w\" sizes=\"(max-width: 497px) 100vw, 497px\" \/>\t\t\t\t\t\t\t\t<\/a>\n\t\t\t\t\t\t\t\t\t\t\t\t\t\t\t<\/div>\n\t\t\t\t<div class=\"elementor-element elementor-element-fba39fd elementor-align-center elementor-widget elementor-widget-button\" data-id=\"fba39fd\" data-element_type=\"widget\" data-e-type=\"widget\" data-widget_type=\"button.default\">\n\t\t\t\t\t\t\t\t\t\t<a class=\"elementor-button elementor-button-link elementor-size-sm\" href=\"https:\/\/www.laptiteaude.fr\/es\/consultation\/\">\n\t\t\t\t\t\t<span class=\"elementor-button-content-wrapper\">\n\t\t\t\t\t\t\t\t\t<span class=\"elementor-button-text\">Pedir hora<\/span>\n\t\t\t\t\t<\/span>\n\t\t\t\t\t<\/a>\n\t\t\t\t\t\t\t\t<\/div>\n\t\t\t\t<\/div>\n\t\t<div class=\"elementor-element elementor-element-90481b7 e-con-full e-flex wpr-particle-no wpr-jarallax-no wpr-parallax-no wpr-sticky-section-no wpr-equal-height-no e-con e-child\" data-id=\"90481b7\" data-element_type=\"container\" data-e-type=\"container\" data-settings=\"{&quot;background_background&quot;:&quot;classic&quot;}\">\n\t\t\t\t<div class=\"elementor-element elementor-element-cf76009 elementor-widget elementor-widget-heading\" data-id=\"cf76009\" data-element_type=\"widget\" data-e-type=\"widget\" data-widget_type=\"heading.default\">\n\t\t\t\t\t<h2 class=\"elementor-heading-title elementor-size-default\">QUESTIONS \/ R\u00c9PONSES<\/h2>\t\t\t\t<\/div>\n\t\t\t\t<div class=\"elementor-element elementor-element-ea13229 elementor-widget__width-initial elementor-widget elementor-widget-image\" data-id=\"ea13229\" data-element_type=\"widget\" data-e-type=\"widget\" data-widget_type=\"image.default\">\n\t\t\t\t\t\t\t\t\t\t\t\t\t\t\t\t<a href=\"https:\/\/www.laptiteaude.fr\/es\/consultation\/\">\n\t\t\t\t\t\t\t<img loading=\"lazy\" decoding=\"async\" width=\"576\" height=\"1024\" src=\"https:\/\/www.laptiteaude.fr\/wp-content\/uploads\/2026\/04\/Design-sans-titre-576x1024.png\" class=\"attachment-large size-large wp-image-802\" alt=\"\" srcset=\"https:\/\/www.laptiteaude.fr\/wp-content\/uploads\/2026\/04\/Design-sans-titre-576x1024.png 576w, https:\/\/www.laptiteaude.fr\/wp-content\/uploads\/2026\/04\/Design-sans-titre-169x300.png 169w, https:\/\/www.laptiteaude.fr\/wp-content\/uploads\/2026\/04\/Design-sans-titre-768x1365.png 768w, https:\/\/www.laptiteaude.fr\/wp-content\/uploads\/2026\/04\/Design-sans-titre-864x1536.png 864w, https:\/\/www.laptiteaude.fr\/wp-content\/uploads\/2026\/04\/Design-sans-titre-7x12.png 7w, https:\/\/www.laptiteaude.fr\/wp-content\/uploads\/2026\/04\/Design-sans-titre-600x1067.png 600w, https:\/\/www.laptiteaude.fr\/wp-content\/uploads\/2026\/04\/Design-sans-titre.png 1080w\" sizes=\"(max-width: 576px) 100vw, 576px\" \/>\t\t\t\t\t\t\t\t<\/a>\n\t\t\t\t\t\t\t\t\t\t\t\t\t\t\t<\/div>\n\t\t\t\t<div class=\"elementor-element elementor-element-4ab8866 elementor-align-center elementor-widget elementor-widget-button\" data-id=\"4ab8866\" data-element_type=\"widget\" data-e-type=\"widget\" data-widget_type=\"button.default\">\n\t\t\t\t\t\t\t\t\t\t<a class=\"elementor-button elementor-button-link elementor-size-sm\" href=\"https:\/\/www.laptiteaude.fr\/es\/producto\/questions-reponses\/\">\n\t\t\t\t\t\t<span class=\"elementor-button-content-wrapper\">\n\t\t\t\t\t\t\t\t\t<span class=\"elementor-button-text\">Poser ma question<\/span>\n\t\t\t\t\t<\/span>\n\t\t\t\t\t<\/a>\n\t\t\t\t\t\t\t\t<\/div>\n\t\t\t\t<\/div>\n\t\t\t\t<\/div>\n\t\t\t\t<\/div>\n\t\t\t\t<\/div>","protected":false},"excerpt":{"rendered":"<p>CHOISIS TON UNIVERS LA BOUTIQUE D\u00e9couvrir la collection LES CONSULTATIONS Prendre rendez-vous QUESTIONS \/ R\u00c9PONSES Poser ma question<\/p>","protected":false},"author":1,"featured_media":101,"parent":0,"menu_order":0,"comment_status":"closed","ping_status":"closed","template":"","meta":{"_acf_changed":false,"footnotes":""},"class_list":["post-103","page","type-page","status-publish","has-post-thumbnail","hentry"],"acf":[],"yoast_head":"<!-- This site is optimized with the Yoast SEO plugin v27.4 - https:\/\/yoast.com\/product\/yoast-seo-wordpress\/ -->\n<title>La Ptite Aude | Entre guidance m\u00e9diumnique &amp; style assum\u00e9 - La Ptite Aude<\/title>\n<meta name=\"description\" content=\"Guidance m\u00e9diumnique, univers biker et cr\u00e9ations uniques. La Ptite Aude m\u00eale spiritualit\u00e9, style et libert\u00e9. D\u00e9couvrez son univers.\" \/>\n<meta name=\"robots\" content=\"index, follow, max-snippet:-1, max-image-preview:large, max-video-preview:-1\" \/>\n<link rel=\"canonical\" href=\"https:\/\/www.laptiteaude.fr\/es\/\" \/>\n<meta property=\"og:locale\" content=\"es_ES\" \/>\n<meta property=\"og:type\" content=\"article\" \/>\n<meta property=\"og:title\" content=\"La Ptite Aude | Entre guidance m\u00e9diumnique &amp; style assum\u00e9 - La Ptite Aude\" \/>\n<meta property=\"og:description\" content=\"Guidance m\u00e9diumnique, univers biker et cr\u00e9ations uniques. La Ptite Aude m\u00eale spiritualit\u00e9, style et libert\u00e9. D\u00e9couvrez son univers.\" \/>\n<meta property=\"og:url\" content=\"https:\/\/www.laptiteaude.fr\/es\/\" \/>\n<meta property=\"og:site_name\" content=\"La Ptite Aude\" \/>\n<meta property=\"article:modified_time\" content=\"2026-04-27T13:25:44+00:00\" \/>\n<meta property=\"og:image\" content=\"https:\/\/www.laptiteaude.fr\/wp-content\/uploads\/2025\/11\/cropped-laptiteaude-icone.png\" \/>\n\t<meta property=\"og:image:width\" content=\"512\" \/>\n\t<meta property=\"og:image:height\" content=\"512\" \/>\n\t<meta property=\"og:image:type\" content=\"image\/png\" \/>\n<meta name=\"twitter:card\" content=\"summary_large_image\" \/>\n<meta name=\"twitter:label1\" content=\"Tiempo de lectura\" \/>\n\t<meta name=\"twitter:data1\" content=\"1 minuto\" \/>\n<script type=\"application\/ld+json\" class=\"yoast-schema-graph\">{\"@context\":\"https:\\\/\\\/schema.org\",\"@graph\":[{\"@type\":\"WebPage\",\"@id\":\"https:\\\/\\\/www.laptiteaude.fr\\\/\",\"url\":\"https:\\\/\\\/www.laptiteaude.fr\\\/\",\"name\":\"La Ptite Aude | Entre guidance m\u00e9diumnique &amp; style assum\u00e9 - La Ptite Aude\",\"isPartOf\":{\"@id\":\"https:\\\/\\\/www.laptiteaude.fr\\\/#website\"},\"primaryImageOfPage\":{\"@id\":\"https:\\\/\\\/www.laptiteaude.fr\\\/#primaryimage\"},\"image\":{\"@id\":\"https:\\\/\\\/www.laptiteaude.fr\\\/#primaryimage\"},\"thumbnailUrl\":\"https:\\\/\\\/www.laptiteaude.fr\\\/wp-content\\\/uploads\\\/2025\\\/11\\\/cropped-laptiteaude-icone.png\",\"datePublished\":\"2025-11-12T16:28:19+00:00\",\"dateModified\":\"2026-04-27T13:25:44+00:00\",\"description\":\"Guidance m\u00e9diumnique, univers biker et cr\u00e9ations uniques. La Ptite Aude m\u00eale spiritualit\u00e9, style et libert\u00e9. D\u00e9couvrez son univers.\",\"breadcrumb\":{\"@id\":\"https:\\\/\\\/www.laptiteaude.fr\\\/#breadcrumb\"},\"inLanguage\":\"es\",\"potentialAction\":[{\"@type\":\"ReadAction\",\"target\":[\"https:\\\/\\\/www.laptiteaude.fr\\\/\"]}]},{\"@type\":\"ImageObject\",\"inLanguage\":\"es\",\"@id\":\"https:\\\/\\\/www.laptiteaude.fr\\\/#primaryimage\",\"url\":\"https:\\\/\\\/www.laptiteaude.fr\\\/wp-content\\\/uploads\\\/2025\\\/11\\\/cropped-laptiteaude-icone.png\",\"contentUrl\":\"https:\\\/\\\/www.laptiteaude.fr\\\/wp-content\\\/uploads\\\/2025\\\/11\\\/cropped-laptiteaude-icone.png\",\"width\":512,\"height\":512},{\"@type\":\"BreadcrumbList\",\"@id\":\"https:\\\/\\\/www.laptiteaude.fr\\\/#breadcrumb\",\"itemListElement\":[{\"@type\":\"ListItem\",\"position\":1,\"name\":\"Accueil\",\"item\":\"https:\\\/\\\/www.laptiteaude.fr\\\/\"},{\"@type\":\"ListItem\",\"position\":2,\"name\":\"La Ptite Aude | Entre guidance m\u00e9diumnique &amp; style assum\u00e9\"}]},{\"@type\":\"WebSite\",\"@id\":\"https:\\\/\\\/www.laptiteaude.fr\\\/#website\",\"url\":\"https:\\\/\\\/www.laptiteaude.fr\\\/\",\"name\":\"La Ptite Aude\",\"description\":\"\u00c9couter son \u00e2me et affirmer son style\",\"publisher\":{\"@id\":\"https:\\\/\\\/www.laptiteaude.fr\\\/#organization\"},\"potentialAction\":[{\"@type\":\"SearchAction\",\"target\":{\"@type\":\"EntryPoint\",\"urlTemplate\":\"https:\\\/\\\/www.laptiteaude.fr\\\/?s={search_term_string}\"},\"query-input\":{\"@type\":\"PropertyValueSpecification\",\"valueRequired\":true,\"valueName\":\"search_term_string\"}}],\"inLanguage\":\"es\"},{\"@type\":\"Organization\",\"@id\":\"https:\\\/\\\/www.laptiteaude.fr\\\/#organization\",\"name\":\"La Ptite Aude\",\"url\":\"https:\\\/\\\/www.laptiteaude.fr\\\/\",\"logo\":{\"@type\":\"ImageObject\",\"inLanguage\":\"es\",\"@id\":\"https:\\\/\\\/www.laptiteaude.fr\\\/#\\\/schema\\\/logo\\\/image\\\/\",\"url\":\"https:\\\/\\\/www.laptiteaude.fr\\\/wp-content\\\/uploads\\\/2025\\\/11\\\/laptiteaude-logo.png\",\"contentUrl\":\"https:\\\/\\\/www.laptiteaude.fr\\\/wp-content\\\/uploads\\\/2025\\\/11\\\/laptiteaude-logo.png\",\"width\":350,\"height\":100,\"caption\":\"La Ptite Aude\"},\"image\":{\"@id\":\"https:\\\/\\\/www.laptiteaude.fr\\\/#\\\/schema\\\/logo\\\/image\\\/\"}}]}<\/script>\n<!-- \/ Yoast SEO plugin. -->","yoast_head_json":{"title":"La Ptite Aude | Entre guidance m\u00e9diumnique &amp; style assum\u00e9 - La Ptite Aude","description":"Guidance m\u00e9diumnique, univers biker et cr\u00e9ations uniques. La Ptite Aude m\u00eale spiritualit\u00e9, style et libert\u00e9. D\u00e9couvrez son univers.","robots":{"index":"index","follow":"follow","max-snippet":"max-snippet:-1","max-image-preview":"max-image-preview:large","max-video-preview":"max-video-preview:-1"},"canonical":"https:\/\/www.laptiteaude.fr\/es\/","og_locale":"es_ES","og_type":"article","og_title":"La Ptite Aude | Entre guidance m\u00e9diumnique &amp; style assum\u00e9 - La Ptite Aude","og_description":"Guidance m\u00e9diumnique, univers biker et cr\u00e9ations uniques. La Ptite Aude m\u00eale spiritualit\u00e9, style et libert\u00e9. D\u00e9couvrez son univers.","og_url":"https:\/\/www.laptiteaude.fr\/es\/","og_site_name":"La Ptite Aude","article_modified_time":"2026-04-27T13:25:44+00:00","og_image":[{"width":512,"height":512,"url":"https:\/\/www.laptiteaude.fr\/wp-content\/uploads\/2025\/11\/cropped-laptiteaude-icone.png","type":"image\/png"}],"twitter_card":"summary_large_image","twitter_misc":{"Tiempo de lectura":"1 minuto"},"schema":{"@context":"https:\/\/schema.org","@graph":[{"@type":"WebPage","@id":"https:\/\/www.laptiteaude.fr\/","url":"https:\/\/www.laptiteaude.fr\/","name":"La Ptite Aude | Entre guidance m\u00e9diumnique &amp; style assum\u00e9 - La Ptite Aude","isPartOf":{"@id":"https:\/\/www.laptiteaude.fr\/#website"},"primaryImageOfPage":{"@id":"https:\/\/www.laptiteaude.fr\/#primaryimage"},"image":{"@id":"https:\/\/www.laptiteaude.fr\/#primaryimage"},"thumbnailUrl":"https:\/\/www.laptiteaude.fr\/wp-content\/uploads\/2025\/11\/cropped-laptiteaude-icone.png","datePublished":"2025-11-12T16:28:19+00:00","dateModified":"2026-04-27T13:25:44+00:00","description":"Guidance m\u00e9diumnique, univers biker et cr\u00e9ations uniques. La Ptite Aude m\u00eale spiritualit\u00e9, style et libert\u00e9. D\u00e9couvrez son univers.","breadcrumb":{"@id":"https:\/\/www.laptiteaude.fr\/#breadcrumb"},"inLanguage":"es","potentialAction":[{"@type":"ReadAction","target":["https:\/\/www.laptiteaude.fr\/"]}]},{"@type":"ImageObject","inLanguage":"es","@id":"https:\/\/www.laptiteaude.fr\/#primaryimage","url":"https:\/\/www.laptiteaude.fr\/wp-content\/uploads\/2025\/11\/cropped-laptiteaude-icone.png","contentUrl":"https:\/\/www.laptiteaude.fr\/wp-content\/uploads\/2025\/11\/cropped-laptiteaude-icone.png","width":512,"height":512},{"@type":"BreadcrumbList","@id":"https:\/\/www.laptiteaude.fr\/#breadcrumb","itemListElement":[{"@type":"ListItem","position":1,"name":"Accueil","item":"https:\/\/www.laptiteaude.fr\/"},{"@type":"ListItem","position":2,"name":"La Ptite Aude | Entre guidance m\u00e9diumnique &amp; style assum\u00e9"}]},{"@type":"WebSite","@id":"https:\/\/www.laptiteaude.fr\/#website","url":"https:\/\/www.laptiteaude.fr\/","name":"La Ptite Aude","description":"\u00c9couter son \u00e2me et affirmer son style","publisher":{"@id":"https:\/\/www.laptiteaude.fr\/#organization"},"potentialAction":[{"@type":"SearchAction","target":{"@type":"EntryPoint","urlTemplate":"https:\/\/www.laptiteaude.fr\/?s={search_term_string}"},"query-input":{"@type":"PropertyValueSpecification","valueRequired":true,"valueName":"search_term_string"}}],"inLanguage":"es"},{"@type":"Organization","@id":"https:\/\/www.laptiteaude.fr\/#organization","name":"La Ptite Aude","url":"https:\/\/www.laptiteaude.fr\/","logo":{"@type":"ImageObject","inLanguage":"es","@id":"https:\/\/www.laptiteaude.fr\/#\/schema\/logo\/image\/","url":"https:\/\/www.laptiteaude.fr\/wp-content\/uploads\/2025\/11\/laptiteaude-logo.png","contentUrl":"https:\/\/www.laptiteaude.fr\/wp-content\/uploads\/2025\/11\/laptiteaude-logo.png","width":350,"height":100,"caption":"La Ptite Aude"},"image":{"@id":"https:\/\/www.laptiteaude.fr\/#\/schema\/logo\/image\/"}}]}},"jetpack_sharing_enabled":true,"_links":{"self":[{"href":"https:\/\/www.laptiteaude.fr\/es\/wp-json\/wp\/v2\/pages\/103","targetHints":{"allow":["GET"]}}],"collection":[{"href":"https:\/\/www.laptiteaude.fr\/es\/wp-json\/wp\/v2\/pages"}],"about":[{"href":"https:\/\/www.laptiteaude.fr\/es\/wp-json\/wp\/v2\/types\/page"}],"author":[{"embeddable":true,"href":"https:\/\/www.laptiteaude.fr\/es\/wp-json\/wp\/v2\/users\/1"}],"replies":[{"embeddable":true,"href":"https:\/\/www.laptiteaude.fr\/es\/wp-json\/wp\/v2\/comments?post=103"}],"version-history":[{"count":32,"href":"https:\/\/www.laptiteaude.fr\/es\/wp-json\/wp\/v2\/pages\/103\/revisions"}],"predecessor-version":[{"id":805,"href":"https:\/\/www.laptiteaude.fr\/es\/wp-json\/wp\/v2\/pages\/103\/revisions\/805"}],"wp:featuredmedia":[{"embeddable":true,"href":"https:\/\/www.laptiteaude.fr\/es\/wp-json\/wp\/v2\/media\/101"}],"wp:attachment":[{"href":"https:\/\/www.laptiteaude.fr\/es\/wp-json\/wp\/v2\/media?parent=103"}],"curies":[{"name":"wp","href":"https:\/\/api.w.org\/{rel}","templated":true}]}}