{"id":12,"date":"2025-11-11T07:47:16","date_gmt":"2025-11-11T07:47:16","guid":{"rendered":"https:\/\/www.laptiteaude.fr\/mon-compte\/"},"modified":"2025-11-14T10:05:58","modified_gmt":"2025-11-14T08:05:58","slug":"mon-compte","status":"publish","type":"page","link":"https:\/\/www.laptiteaude.fr\/es\/mon-compte\/","title":{"rendered":"M cuenta"},"content":{"rendered":"<div data-elementor-type=\"wp-page\" data-elementor-id=\"12\" class=\"elementor elementor-12\" data-elementor-post-type=\"page\">\n\t\t\t\t<div class=\"elementor-element elementor-element-8fdcab e-flex e-con-boxed wpr-particle-no wpr-jarallax-no wpr-parallax-no wpr-sticky-section-no wpr-equal-height-no e-con e-parent\" data-id=\"8fdcab\" data-element_type=\"container\" data-e-type=\"container\">\n\t\t\t\t\t<div class=\"e-con-inner\">\n\t\t\t\t<div class=\"elementor-element elementor-element-794e2e2 elementor-widget elementor-widget-heading\" data-id=\"794e2e2\" data-element_type=\"widget\" data-e-type=\"widget\" data-widget_type=\"heading.default\">\n\t\t\t\t\t<h2 class=\"elementor-heading-title elementor-size-default\">M cuenta<\/h2>\t\t\t\t<\/div>\n\t\t\t\t<div class=\"elementor-element elementor-element-d43e307 e-my-account-tabs-vertical elementor-widget elementor-widget-woocommerce-my-account\" data-id=\"d43e307\" data-element_type=\"widget\" data-e-type=\"widget\" data-widget_type=\"woocommerce-my-account.default\">\n\t\t\t\t\t<div class=\"e-my-account-tab e-my-account-tab__\">\t\t\t<div class=\"woocommerce\"><\/div>\t\t<\/div>\n\t\t\t\t\t\t<\/div>\n\t\t\t\t\t<\/div>\n\t\t\t\t<\/div>\n\t\t\t\t<\/div>","protected":false},"excerpt":{"rendered":"<p>Mon compte Tableau de bord Commandes T\u00e9l\u00e9chargements Adresses Moyens de paiement D\u00e9tails du compte D\u00e9connexion Bonjour mkg8u (vous n\u2019\u00eates pas mkg8u\u00a0? D\u00e9connexion) \u00c0 partir du tableau de bord de votre compte, vous pouvez visualiser vos commandes r\u00e9centes, g\u00e9rer vos adresses de livraison et de facturation ainsi que changer votre mot de passe et les d\u00e9tails de votre compte.<\/p>","protected":false},"author":1,"featured_media":0,"parent":0,"menu_order":0,"comment_status":"closed","ping_status":"closed","template":"","meta":{"_acf_changed":false,"footnotes":""},"class_list":["post-12","page","type-page","status-publish","hentry"],"acf":[],"yoast_head":"<!-- This site is optimized with the Yoast SEO plugin v27.4 - https:\/\/yoast.com\/product\/yoast-seo-wordpress\/ -->\n<title>Mon compte - La Ptite Aude<\/title>\n<meta name=\"robots\" content=\"index, follow, max-snippet:-1, max-image-preview:large, max-video-preview:-1\" \/>\n<link rel=\"canonical\" href=\"https:\/\/www.laptiteaude.fr\/es\/mon-compte\/\" \/>\n<meta property=\"og:locale\" content=\"es_ES\" \/>\n<meta property=\"og:type\" content=\"article\" \/>\n<meta property=\"og:title\" content=\"Mon compte - La Ptite Aude\" \/>\n<meta property=\"og:description\" content=\"Mon compte Tableau de bord Commandes T\u00e9l\u00e9chargements Adresses Moyens de paiement D\u00e9tails du compte D\u00e9connexion Bonjour mkg8u (vous n\u2019\u00eates pas mkg8u\u00a0? D\u00e9connexion) \u00c0 partir du tableau de bord de votre compte, vous pouvez visualiser vos commandes r\u00e9centes, g\u00e9rer vos adresses de livraison et de facturation ainsi que changer votre mot de passe et les d\u00e9tails de votre compte.\" \/>\n<meta property=\"og:url\" content=\"https:\/\/www.laptiteaude.fr\/es\/mon-compte\/\" \/>\n<meta property=\"og:site_name\" content=\"La Ptite Aude\" \/>\n<meta property=\"article:modified_time\" content=\"2025-11-14T08:05:58+00:00\" \/>\n<meta name=\"twitter:card\" content=\"summary_large_image\" \/>\n<script type=\"application\/ld+json\" class=\"yoast-schema-graph\">{\"@context\":\"https:\\\/\\\/schema.org\",\"@graph\":[{\"@type\":\"WebPage\",\"@id\":\"https:\\\/\\\/www.laptiteaude.fr\\\/mon-compte\\\/\",\"url\":\"https:\\\/\\\/www.laptiteaude.fr\\\/mon-compte\\\/\",\"name\":\"Mon compte - La Ptite Aude\",\"isPartOf\":{\"@id\":\"https:\\\/\\\/www.laptiteaude.fr\\\/#website\"},\"datePublished\":\"2025-11-11T07:47:16+00:00\",\"dateModified\":\"2025-11-14T08:05:58+00:00\",\"breadcrumb\":{\"@id\":\"https:\\\/\\\/www.laptiteaude.fr\\\/mon-compte\\\/#breadcrumb\"},\"inLanguage\":\"es\",\"potentialAction\":[{\"@type\":\"ReadAction\",\"target\":[\"https:\\\/\\\/www.laptiteaude.fr\\\/mon-compte\\\/\"]}]},{\"@type\":\"BreadcrumbList\",\"@id\":\"https:\\\/\\\/www.laptiteaude.fr\\\/mon-compte\\\/#breadcrumb\",\"itemListElement\":[{\"@type\":\"ListItem\",\"position\":1,\"name\":\"Accueil\",\"item\":\"https:\\\/\\\/www.laptiteaude.fr\\\/\"},{\"@type\":\"ListItem\",\"position\":2,\"name\":\"Mon compte\"}]},{\"@type\":\"WebSite\",\"@id\":\"https:\\\/\\\/www.laptiteaude.fr\\\/#website\",\"url\":\"https:\\\/\\\/www.laptiteaude.fr\\\/\",\"name\":\"La Ptite Aude\",\"description\":\"\u00c9couter son \u00e2me et affirmer son style\",\"publisher\":{\"@id\":\"https:\\\/\\\/www.laptiteaude.fr\\\/#organization\"},\"potentialAction\":[{\"@type\":\"SearchAction\",\"target\":{\"@type\":\"EntryPoint\",\"urlTemplate\":\"https:\\\/\\\/www.laptiteaude.fr\\\/?s={search_term_string}\"},\"query-input\":{\"@type\":\"PropertyValueSpecification\",\"valueRequired\":true,\"valueName\":\"search_term_string\"}}],\"inLanguage\":\"es\"},{\"@type\":\"Organization\",\"@id\":\"https:\\\/\\\/www.laptiteaude.fr\\\/#organization\",\"name\":\"La Ptite Aude\",\"url\":\"https:\\\/\\\/www.laptiteaude.fr\\\/\",\"logo\":{\"@type\":\"ImageObject\",\"inLanguage\":\"es\",\"@id\":\"https:\\\/\\\/www.laptiteaude.fr\\\/#\\\/schema\\\/logo\\\/image\\\/\",\"url\":\"https:\\\/\\\/www.laptiteaude.fr\\\/wp-content\\\/uploads\\\/2025\\\/11\\\/laptiteaude-logo.png\",\"contentUrl\":\"https:\\\/\\\/www.laptiteaude.fr\\\/wp-content\\\/uploads\\\/2025\\\/11\\\/laptiteaude-logo.png\",\"width\":350,\"height\":100,\"caption\":\"La Ptite Aude\"},\"image\":{\"@id\":\"https:\\\/\\\/www.laptiteaude.fr\\\/#\\\/schema\\\/logo\\\/image\\\/\"}}]}<\/script>\n<!-- \/ Yoast SEO plugin. -->","yoast_head_json":{"title":"Mon compte - La Ptite Aude","robots":{"index":"index","follow":"follow","max-snippet":"max-snippet:-1","max-image-preview":"max-image-preview:large","max-video-preview":"max-video-preview:-1"},"canonical":"https:\/\/www.laptiteaude.fr\/es\/mon-compte\/","og_locale":"es_ES","og_type":"article","og_title":"Mon compte - La Ptite Aude","og_description":"Mon compte Tableau de bord Commandes T\u00e9l\u00e9chargements Adresses Moyens de paiement D\u00e9tails du compte D\u00e9connexion Bonjour mkg8u (vous n\u2019\u00eates pas mkg8u\u00a0? D\u00e9connexion) \u00c0 partir du tableau de bord de votre compte, vous pouvez visualiser vos commandes r\u00e9centes, g\u00e9rer vos adresses de livraison et de facturation ainsi que changer votre mot de passe et les d\u00e9tails de votre compte.","og_url":"https:\/\/www.laptiteaude.fr\/es\/mon-compte\/","og_site_name":"La Ptite Aude","article_modified_time":"2025-11-14T08:05:58+00:00","twitter_card":"summary_large_image","schema":{"@context":"https:\/\/schema.org","@graph":[{"@type":"WebPage","@id":"https:\/\/www.laptiteaude.fr\/mon-compte\/","url":"https:\/\/www.laptiteaude.fr\/mon-compte\/","name":"Mon compte - La Ptite Aude","isPartOf":{"@id":"https:\/\/www.laptiteaude.fr\/#website"},"datePublished":"2025-11-11T07:47:16+00:00","dateModified":"2025-11-14T08:05:58+00:00","breadcrumb":{"@id":"https:\/\/www.laptiteaude.fr\/mon-compte\/#breadcrumb"},"inLanguage":"es","potentialAction":[{"@type":"ReadAction","target":["https:\/\/www.laptiteaude.fr\/mon-compte\/"]}]},{"@type":"BreadcrumbList","@id":"https:\/\/www.laptiteaude.fr\/mon-compte\/#breadcrumb","itemListElement":[{"@type":"ListItem","position":1,"name":"Accueil","item":"https:\/\/www.laptiteaude.fr\/"},{"@type":"ListItem","position":2,"name":"Mon compte"}]},{"@type":"WebSite","@id":"https:\/\/www.laptiteaude.fr\/#website","url":"https:\/\/www.laptiteaude.fr\/","name":"La Ptite Aude","description":"\u00c9couter son \u00e2me et affirmer son style","publisher":{"@id":"https:\/\/www.laptiteaude.fr\/#organization"},"potentialAction":[{"@type":"SearchAction","target":{"@type":"EntryPoint","urlTemplate":"https:\/\/www.laptiteaude.fr\/?s={search_term_string}"},"query-input":{"@type":"PropertyValueSpecification","valueRequired":true,"valueName":"search_term_string"}}],"inLanguage":"es"},{"@type":"Organization","@id":"https:\/\/www.laptiteaude.fr\/#organization","name":"La Ptite Aude","url":"https:\/\/www.laptiteaude.fr\/","logo":{"@type":"ImageObject","inLanguage":"es","@id":"https:\/\/www.laptiteaude.fr\/#\/schema\/logo\/image\/","url":"https:\/\/www.laptiteaude.fr\/wp-content\/uploads\/2025\/11\/laptiteaude-logo.png","contentUrl":"https:\/\/www.laptiteaude.fr\/wp-content\/uploads\/2025\/11\/laptiteaude-logo.png","width":350,"height":100,"caption":"La Ptite Aude"},"image":{"@id":"https:\/\/www.laptiteaude.fr\/#\/schema\/logo\/image\/"}}]}},"jetpack_sharing_enabled":true,"_links":{"self":[{"href":"https:\/\/www.laptiteaude.fr\/es\/wp-json\/wp\/v2\/pages\/12","targetHints":{"allow":["GET"]}}],"collection":[{"href":"https:\/\/www.laptiteaude.fr\/es\/wp-json\/wp\/v2\/pages"}],"about":[{"href":"https:\/\/www.laptiteaude.fr\/es\/wp-json\/wp\/v2\/types\/page"}],"author":[{"embeddable":true,"href":"https:\/\/www.laptiteaude.fr\/es\/wp-json\/wp\/v2\/users\/1"}],"replies":[{"embeddable":true,"href":"https:\/\/www.laptiteaude.fr\/es\/wp-json\/wp\/v2\/comments?post=12"}],"version-history":[{"count":12,"href":"https:\/\/www.laptiteaude.fr\/es\/wp-json\/wp\/v2\/pages\/12\/revisions"}],"predecessor-version":[{"id":646,"href":"https:\/\/www.laptiteaude.fr\/es\/wp-json\/wp\/v2\/pages\/12\/revisions\/646"}],"wp:attachment":[{"href":"https:\/\/www.laptiteaude.fr\/es\/wp-json\/wp\/v2\/media?parent=12"}],"curies":[{"name":"wp","href":"https:\/\/api.w.org\/{rel}","templated":true}]}}