{"id":279,"date":"2025-11-12T14:10:49","date_gmt":"2025-11-12T12:10:49","guid":{"rendered":"https:\/\/www.laptiteaude.fr\/?page_id=279"},"modified":"2025-11-14T11:31:15","modified_gmt":"2025-11-14T09:31:15","slug":"a-propos","status":"publish","type":"page","link":"https:\/\/www.laptiteaude.fr\/es\/a-propos\/","title":{"rendered":"Acerca de"},"content":{"rendered":"<div data-elementor-type=\"wp-page\" data-elementor-id=\"279\" class=\"elementor elementor-279\" data-elementor-post-type=\"page\">\n\t\t\t\t<div class=\"elementor-element elementor-element-1a644aa e-flex e-con-boxed wpr-particle-no wpr-jarallax-no wpr-parallax-no wpr-sticky-section-no wpr-equal-height-no e-con e-parent\" data-id=\"1a644aa\" data-element_type=\"container\" data-e-type=\"container\">\n\t\t\t\t\t<div class=\"e-con-inner\">\n\t\t<div class=\"elementor-element elementor-element-4df37a0 e-con-full e-flex wpr-particle-no wpr-jarallax-no wpr-parallax-no wpr-sticky-section-no wpr-equal-height-no e-con e-child\" data-id=\"4df37a0\" data-element_type=\"container\" data-e-type=\"container\">\n\t\t\t\t<div class=\"elementor-element elementor-element-fb77095 elementor-widget elementor-widget-heading\" data-id=\"fb77095\" data-element_type=\"widget\" data-e-type=\"widget\" data-widget_type=\"heading.default\">\n\t\t\t\t\t<h2 class=\"elementor-heading-title elementor-size-default\">LA P'TITE AUDE<\/h2>\t\t\t\t<\/div>\n\t\t\t\t<div class=\"elementor-element elementor-element-5ff6c42 elementor-widget elementor-widget-text-editor\" data-id=\"5ff6c42\" data-element_type=\"widget\" data-e-type=\"widget\" data-widget_type=\"text-editor.default\">\n\t\t\t\t\t\t\t\t\t<p>Je laisse mon empreinte, je pars avec vos souvenirs !<\/p><p>Je suis Audrey, mais depuis toujours, on m\u2019appelle La Ptite Aude un murmure d\u2019\u00e2me qui me relie \u00e0 ma mission de c\u0153ur\u00a0: Celle d\u2019avancer sur le chemin de la gu\u00e9rison, l\u00e0 o\u00f9 les \u00e9motions se lib\u00e8rent, o\u00f9 les \u00e2mes se souviennent, et o\u00f9 la lumi\u00e8re int\u00e9rieure rena\u00eet.<\/p>\t\t\t\t\t\t\t\t<\/div>\n\t\t\t\t<div class=\"elementor-element elementor-element-5791bd7 elementor-mobile-align-center elementor-widget elementor-widget-button\" data-id=\"5791bd7\" data-element_type=\"widget\" data-e-type=\"widget\" data-widget_type=\"button.default\">\n\t\t\t\t\t\t\t\t\t\t<a class=\"elementor-button elementor-button-link elementor-size-sm\" href=\"https:\/\/www.instagram.com\/aude_lifestyle\/\" target=\"_blank\">\n\t\t\t\t\t\t<span class=\"elementor-button-content-wrapper\">\n\t\t\t\t\t\t\t\t\t<span class=\"elementor-button-text\">Rejoindre ma communaut\u00e9<\/span>\n\t\t\t\t\t<\/span>\n\t\t\t\t\t<\/a>\n\t\t\t\t\t\t\t\t<\/div>\n\t\t\t\t<\/div>\n\t\t<div class=\"elementor-element elementor-element-6982a0c e-con-full e-flex wpr-particle-no wpr-jarallax-no wpr-parallax-no wpr-sticky-section-no wpr-equal-height-no e-con e-child\" data-id=\"6982a0c\" data-element_type=\"container\" data-e-type=\"container\">\n\t\t\t\t<div class=\"elementor-element elementor-element-77c9098 elementor-widget__width-initial elementor-widget elementor-widget-video\" data-id=\"77c9098\" data-element_type=\"widget\" data-e-type=\"widget\" data-settings=\"{&quot;video_type&quot;:&quot;hosted&quot;,&quot;autoplay&quot;:&quot;yes&quot;,&quot;loop&quot;:&quot;yes&quot;}\" data-widget_type=\"video.default\">\n\t\t\t\t\t\t\t<div class=\"e-hosted-video elementor-wrapper elementor-open-inline\">\n\t\t\t\t\t<video class=\"elementor-video\" src=\"https:\/\/www.laptiteaude.fr\/wp-content\/uploads\/2025\/11\/Logo-ptiteaude.mov\" autoplay=\"\" loop=\"\" controlslist=\"nodownload\"><\/video>\n\t\t\t\t<\/div>\n\t\t\t\t\t\t<\/div>\n\t\t\t\t<\/div>\n\t\t\t\t\t<\/div>\n\t\t\t\t<\/div>\n\t\t<div class=\"elementor-element elementor-element-3af861a e-flex e-con-boxed wpr-particle-no wpr-jarallax-no wpr-parallax-no wpr-sticky-section-no wpr-equal-height-no e-con e-parent\" data-id=\"3af861a\" data-element_type=\"container\" data-e-type=\"container\">\n\t\t\t\t\t<div class=\"e-con-inner\">\n\t\t<div class=\"elementor-element elementor-element-30c6b3b e-con-full e-flex wpr-particle-no wpr-jarallax-no wpr-parallax-no wpr-sticky-section-no wpr-equal-height-no e-con e-child\" data-id=\"30c6b3b\" data-element_type=\"container\" data-e-type=\"container\">\n\t\t\t\t<div class=\"elementor-element elementor-element-913c1a5 elementor-widget elementor-widget-text-editor\" data-id=\"913c1a5\" data-element_type=\"widget\" data-e-type=\"widget\" data-widget_type=\"text-editor.default\">\n\t\t\t\t\t\t\t\t\t<p>Guid\u00e9e par les \u00e9nergies subtiles, j\u2019accompagne chacun dans la reconnexion \u00e0 son essence, \u00e0 cette v\u00e9rit\u00e9 int\u00e9rieure qui \u00e9claire le chemin de vie.<\/p><p><strong>En moi cohabitent deux forces : la femme douce, sensible, \u00e0 l\u2019\u00e9coute des \u00e2mes et des murmures du c\u0153ur, et la femme libre, passionn\u00e9e, rebelle, un peu biker, qui aime la route, le vent et la puissance de la vie qui vibre dans chaque battement.<\/strong><\/p><p>Parce que je c\u00f4toie chaque jour le monde de la spiritualit\u00e9, j\u2019ai voulu y ajouter cet univers plus brut, plus vrai celui de la libert\u00e9, de la fraternit\u00e9 et du feu int\u00e9rieur.<\/p><p>J\u2019ai voulu montrer que la lumi\u00e8re peut aussi briller sous un blouson de cuir, que la douceur peut marcher main dans la main avec la force, et que la spiritualit\u00e9 peut avoir le go\u00fbt de l\u2019aventure.<\/p>\t\t\t\t\t\t\t\t<\/div>\n\t\t\t\t<div class=\"elementor-element elementor-element-34baa52 elementor-mobile-align-center elementor-widget elementor-widget-button\" data-id=\"34baa52\" data-element_type=\"widget\" data-e-type=\"widget\" data-widget_type=\"button.default\">\n\t\t\t\t\t\t\t\t\t\t<a class=\"elementor-button elementor-button-link elementor-size-sm\" href=\"#elementor-action%3Aaction%3Dpopup%3Aopen%26settings%3DeyJpZCI6IjYwOCIsInRvZ2dsZSI6ZmFsc2V9\">\n\t\t\t\t\t\t<span class=\"elementor-button-content-wrapper\">\n\t\t\t\t\t\t\t\t\t<span class=\"elementor-button-text\">Pedir hora<\/span>\n\t\t\t\t\t<\/span>\n\t\t\t\t\t<\/a>\n\t\t\t\t\t\t\t\t<\/div>\n\t\t\t\t<\/div>\n\t\t<div class=\"elementor-element elementor-element-72190e9 e-con-full e-flex wpr-particle-no wpr-jarallax-no wpr-parallax-no wpr-sticky-section-no wpr-equal-height-no e-con e-child\" data-id=\"72190e9\" data-element_type=\"container\" data-e-type=\"container\">\n\t\t\t\t<div class=\"elementor-element elementor-element-cc1b051 elementor-widget elementor-widget-image\" data-id=\"cc1b051\" data-element_type=\"widget\" data-e-type=\"widget\" data-widget_type=\"image.default\">\n\t\t\t\t\t\t\t\t\t\t\t\t\t\t\t<img fetchpriority=\"high\" decoding=\"async\" width=\"404\" height=\"545\" src=\"https:\/\/www.laptiteaude.fr\/wp-content\/uploads\/2025\/11\/laptiteaude-audrey-joubault-fond-apropos2.png\" class=\"attachment-large size-large wp-image-282\" alt=\"\" srcset=\"https:\/\/www.laptiteaude.fr\/wp-content\/uploads\/2025\/11\/laptiteaude-audrey-joubault-fond-apropos2.png 404w, https:\/\/www.laptiteaude.fr\/wp-content\/uploads\/2025\/11\/laptiteaude-audrey-joubault-fond-apropos2-222x300.png 222w\" sizes=\"(max-width: 404px) 100vw, 404px\" \/>\t\t\t\t\t\t\t\t\t\t\t\t\t\t\t<\/div>\n\t\t\t\t<\/div>\n\t\t\t\t\t<\/div>\n\t\t\t\t<\/div>\n\t\t<div class=\"elementor-element elementor-element-2377200 e-flex e-con-boxed wpr-particle-no wpr-jarallax-no wpr-parallax-no wpr-sticky-section-no wpr-equal-height-no e-con e-parent\" data-id=\"2377200\" data-element_type=\"container\" data-e-type=\"container\" data-settings=\"{&quot;background_background&quot;:&quot;classic&quot;}\">\n\t\t\t\t\t<div class=\"e-con-inner\">\n\t\t<div class=\"elementor-element elementor-element-0b0c851 e-grid e-con-full wpr-particle-no wpr-jarallax-no wpr-parallax-no wpr-sticky-section-no wpr-equal-height-no e-con e-child\" data-id=\"0b0c851\" data-element_type=\"container\" data-e-type=\"container\">\n\t\t<div class=\"elementor-element elementor-element-aba0e6c e-con-full e-flex wpr-particle-no wpr-jarallax-no wpr-parallax-no wpr-sticky-section-no wpr-equal-height-no e-con e-child\" data-id=\"aba0e6c\" data-element_type=\"container\" data-e-type=\"container\">\n\t\t\t\t<div class=\"elementor-element elementor-element-20025b3 elementor-widget elementor-widget-image\" data-id=\"20025b3\" data-element_type=\"widget\" data-e-type=\"widget\" data-widget_type=\"image.default\">\n\t\t\t\t\t\t\t\t\t\t\t\t\t\t\t<img decoding=\"async\" width=\"800\" height=\"790\" src=\"https:\/\/www.laptiteaude.fr\/wp-content\/uploads\/2025\/11\/laptiteaude-audrey-joubault-fond-apropos2-BIKE-1024x1011.png\" class=\"attachment-large size-large wp-image-283\" alt=\"\" srcset=\"https:\/\/www.laptiteaude.fr\/wp-content\/uploads\/2025\/11\/laptiteaude-audrey-joubault-fond-apropos2-BIKE-1024x1011.png 1024w, https:\/\/www.laptiteaude.fr\/wp-content\/uploads\/2025\/11\/laptiteaude-audrey-joubault-fond-apropos2-BIKE-300x296.png 300w, https:\/\/www.laptiteaude.fr\/wp-content\/uploads\/2025\/11\/laptiteaude-audrey-joubault-fond-apropos2-BIKE-768x758.png 768w, https:\/\/www.laptiteaude.fr\/wp-content\/uploads\/2025\/11\/laptiteaude-audrey-joubault-fond-apropos2-BIKE-600x593.png 600w, https:\/\/www.laptiteaude.fr\/wp-content\/uploads\/2025\/11\/laptiteaude-audrey-joubault-fond-apropos2-BIKE-100x100.png 100w, https:\/\/www.laptiteaude.fr\/wp-content\/uploads\/2025\/11\/laptiteaude-audrey-joubault-fond-apropos2-BIKE.png 1290w\" sizes=\"(max-width: 800px) 100vw, 800px\" \/>\t\t\t\t\t\t\t\t\t\t\t\t\t\t\t<\/div>\n\t\t\t\t<\/div>\n\t\t<div class=\"elementor-element elementor-element-5cc79db e-con-full e-flex wpr-particle-no wpr-jarallax-no wpr-parallax-no wpr-sticky-section-no wpr-equal-height-no e-con e-child\" data-id=\"5cc79db\" data-element_type=\"container\" data-e-type=\"container\">\n\t\t\t\t<div class=\"elementor-element elementor-element-9dde282 elementor-widget elementor-widget-heading\" data-id=\"9dde282\" data-element_type=\"widget\" data-e-type=\"widget\" data-widget_type=\"heading.default\">\n\t\t\t\t\t<h2 class=\"elementor-heading-title elementor-size-default\">DE CETTE ALLIANCE, EST NEE UNE EVIDENCE<\/h2>\t\t\t\t<\/div>\n\t\t\t\t<div class=\"elementor-element elementor-element-5e3fb26 elementor-widget elementor-widget-text-editor\" data-id=\"5e3fb26\" data-element_type=\"widget\" data-e-type=\"widget\" data-widget_type=\"text-editor.default\">\n\t\t\t\t\t\t\t\t\t<p>Cr\u00e9er ma collection de pr\u00eat-\u00e0-porter, des pi\u00e8ces porteuses de sens, d\u2019\u00e9nergie et d\u2019amour, pour que chacun puisse emporter une part de cette vibration, une trace, un souffle, une empreinte.<\/p>\t\t\t\t\t\t\t\t<\/div>\n\t\t\t\t<div class=\"elementor-element elementor-element-daaf108 elementor-widget elementor-widget-heading\" data-id=\"daaf108\" data-element_type=\"widget\" data-e-type=\"widget\" data-widget_type=\"heading.default\">\n\t\t\t\t\t<h2 class=\"elementor-heading-title elementor-size-default\">Parce qu\u2019au-dela des mots et des gestes, je laisse mon empreinte\u2026 et je pars avec vos souvenirs.<\/h2>\t\t\t\t<\/div>\n\t\t\t\t<div class=\"elementor-element elementor-element-cfc0f12 elementor-mobile-align-center elementor-widget elementor-widget-button\" data-id=\"cfc0f12\" data-element_type=\"widget\" data-e-type=\"widget\" data-widget_type=\"button.default\">\n\t\t\t\t\t\t\t\t\t\t<a class=\"elementor-button elementor-button-link elementor-size-sm\" href=\"https:\/\/www.laptiteaude.fr\/es\/boutique\/\">\n\t\t\t\t\t\t<span class=\"elementor-button-content-wrapper\">\n\t\t\t\t\t\t\t\t\t<span class=\"elementor-button-text\">Voir la boutique<\/span>\n\t\t\t\t\t<\/span>\n\t\t\t\t\t<\/a>\n\t\t\t\t\t\t\t\t<\/div>\n\t\t\t\t<\/div>\n\t\t\t\t<\/div>\n\t\t\t\t\t<\/div>\n\t\t\t\t<\/div>\n\t\t\t\t<\/div>","protected":false},"excerpt":{"rendered":"<p>LA P&rsquo;TITE AUDE Je laisse mon empreinte, je pars avec vos souvenirs ! Je suis Audrey, mais depuis toujours, on m\u2019appelle La Ptite Aude un murmure d\u2019\u00e2me qui me relie \u00e0 ma mission de c\u0153ur\u00a0: Celle d\u2019avancer sur le chemin de la gu\u00e9rison, l\u00e0 o\u00f9 les \u00e9motions se lib\u00e8rent, o\u00f9 les \u00e2mes se souviennent, et o\u00f9 la lumi\u00e8re int\u00e9rieure rena\u00eet. Rejoindre ma communaut\u00e9 https:\/\/www.laptiteaude.fr\/wp-content\/uploads\/2025\/11\/Logo-ptiteaude.mov Guid\u00e9e par les \u00e9nergies subtiles, j\u2019accompagne chacun dans la reconnexion \u00e0 son essence, \u00e0 cette v\u00e9rit\u00e9 int\u00e9rieure qui \u00e9claire le chemin de vie. En moi cohabitent deux forces : la femme douce, sensible, \u00e0 l\u2019\u00e9coute des \u00e2mes et des murmures du c\u0153ur, et la femme libre, passionn\u00e9e, rebelle, un peu biker, qui aime la route, le vent et la puissance de la vie qui vibre dans chaque battement. Parce que je c\u00f4toie chaque jour le monde de la spiritualit\u00e9, j\u2019ai voulu y ajouter cet univers plus brut, plus vrai celui de la libert\u00e9, de la fraternit\u00e9 et du feu int\u00e9rieur. J\u2019ai voulu montrer que la lumi\u00e8re peut aussi briller sous un blouson de cuir, que la douceur peut marcher main dans la main avec la force, et que la spiritualit\u00e9 peut avoir le go\u00fbt de l\u2019aventure. Prendre rendez-vous DE CETTE ALLIANCE, EST NEE UNE EVIDENCE Cr\u00e9er ma collection de pr\u00eat-\u00e0-porter, des pi\u00e8ces porteuses de sens, d\u2019\u00e9nergie et d\u2019amour, pour que chacun puisse emporter une part de cette vibration, une trace, un souffle, une empreinte. Parce qu\u2019au-dela des mots et des gestes, je laisse mon empreinte\u2026 et je pars avec vos souvenirs. Voir la boutique<\/p>","protected":false},"author":1,"featured_media":0,"parent":0,"menu_order":0,"comment_status":"closed","ping_status":"closed","template":"","meta":{"_acf_changed":false,"footnotes":""},"class_list":["post-279","page","type-page","status-publish","hentry"],"acf":[],"yoast_head":"<!-- This site is optimized with the Yoast SEO plugin v27.4 - https:\/\/yoast.com\/product\/yoast-seo-wordpress\/ -->\n<title>\u00c0 propos - La Ptite Aude<\/title>\n<meta name=\"robots\" content=\"index, follow, max-snippet:-1, max-image-preview:large, max-video-preview:-1\" \/>\n<link rel=\"canonical\" href=\"https:\/\/www.laptiteaude.fr\/es\/a-propos\/\" \/>\n<meta property=\"og:locale\" content=\"es_ES\" \/>\n<meta property=\"og:type\" content=\"article\" \/>\n<meta property=\"og:title\" content=\"\u00c0 propos - La Ptite Aude\" \/>\n<meta property=\"og:description\" content=\"LA P&rsquo;TITE AUDE Je laisse mon empreinte, je pars avec vos souvenirs ! Je suis Audrey, mais depuis toujours, on m\u2019appelle La Ptite Aude un murmure d\u2019\u00e2me qui me relie \u00e0 ma mission de c\u0153ur\u00a0: Celle d\u2019avancer sur le chemin de la gu\u00e9rison, l\u00e0 o\u00f9 les \u00e9motions se lib\u00e8rent, o\u00f9 les \u00e2mes se souviennent, et o\u00f9 la lumi\u00e8re int\u00e9rieure rena\u00eet. Rejoindre ma communaut\u00e9 https:\/\/www.laptiteaude.fr\/wp-content\/uploads\/2025\/11\/Logo-ptiteaude.mov Guid\u00e9e par les \u00e9nergies subtiles, j\u2019accompagne chacun dans la reconnexion \u00e0 son essence, \u00e0 cette v\u00e9rit\u00e9 int\u00e9rieure qui \u00e9claire le chemin de vie. En moi cohabitent deux forces : la femme douce, sensible, \u00e0 l\u2019\u00e9coute des \u00e2mes et des murmures du c\u0153ur, et la femme libre, passionn\u00e9e, rebelle, un peu biker, qui aime la route, le vent et la puissance de la vie qui vibre dans chaque battement. Parce que je c\u00f4toie chaque jour le monde de la spiritualit\u00e9, j\u2019ai voulu y ajouter cet univers plus brut, plus vrai celui de la libert\u00e9, de la fraternit\u00e9 et du feu int\u00e9rieur. J\u2019ai voulu montrer que la lumi\u00e8re peut aussi briller sous un blouson de cuir, que la douceur peut marcher main dans la main avec la force, et que la spiritualit\u00e9 peut avoir le go\u00fbt de l\u2019aventure. Prendre rendez-vous DE CETTE ALLIANCE, EST NEE UNE EVIDENCE Cr\u00e9er ma collection de pr\u00eat-\u00e0-porter, des pi\u00e8ces porteuses de sens, d\u2019\u00e9nergie et d\u2019amour, pour que chacun puisse emporter une part de cette vibration, une trace, un souffle, une empreinte. Parce qu\u2019au-dela des mots et des gestes, je laisse mon empreinte\u2026 et je pars avec vos souvenirs. Voir la boutique\" \/>\n<meta property=\"og:url\" content=\"https:\/\/www.laptiteaude.fr\/es\/a-propos\/\" \/>\n<meta property=\"og:site_name\" content=\"La Ptite Aude\" \/>\n<meta property=\"article:modified_time\" content=\"2025-11-14T09:31:15+00:00\" \/>\n<meta property=\"og:image\" content=\"https:\/\/www.laptiteaude.fr\/wp-content\/uploads\/2025\/11\/laptiteaude-audrey-joubault-fond-apropos2.png\" \/>\n\t<meta property=\"og:image:width\" content=\"404\" \/>\n\t<meta property=\"og:image:height\" content=\"545\" \/>\n\t<meta property=\"og:image:type\" content=\"image\/png\" \/>\n<meta name=\"twitter:card\" content=\"summary_large_image\" \/>\n<meta name=\"twitter:label1\" content=\"Tiempo de lectura\" \/>\n\t<meta name=\"twitter:data1\" content=\"1 minuto\" \/>\n<script type=\"application\/ld+json\" class=\"yoast-schema-graph\">{\"@context\":\"https:\\\/\\\/schema.org\",\"@graph\":[{\"@type\":\"WebPage\",\"@id\":\"https:\\\/\\\/www.laptiteaude.fr\\\/a-propos\\\/\",\"url\":\"https:\\\/\\\/www.laptiteaude.fr\\\/a-propos\\\/\",\"name\":\"\u00c0 propos - La Ptite Aude\",\"isPartOf\":{\"@id\":\"https:\\\/\\\/www.laptiteaude.fr\\\/#website\"},\"primaryImageOfPage\":{\"@id\":\"https:\\\/\\\/www.laptiteaude.fr\\\/a-propos\\\/#primaryimage\"},\"image\":{\"@id\":\"https:\\\/\\\/www.laptiteaude.fr\\\/a-propos\\\/#primaryimage\"},\"thumbnailUrl\":\"https:\\\/\\\/www.laptiteaude.fr\\\/wp-content\\\/uploads\\\/2025\\\/11\\\/laptiteaude-audrey-joubault-fond-apropos2.png\",\"datePublished\":\"2025-11-12T12:10:49+00:00\",\"dateModified\":\"2025-11-14T09:31:15+00:00\",\"breadcrumb\":{\"@id\":\"https:\\\/\\\/www.laptiteaude.fr\\\/a-propos\\\/#breadcrumb\"},\"inLanguage\":\"es\",\"potentialAction\":[{\"@type\":\"ReadAction\",\"target\":[\"https:\\\/\\\/www.laptiteaude.fr\\\/a-propos\\\/\"]}]},{\"@type\":\"ImageObject\",\"inLanguage\":\"es\",\"@id\":\"https:\\\/\\\/www.laptiteaude.fr\\\/a-propos\\\/#primaryimage\",\"url\":\"https:\\\/\\\/www.laptiteaude.fr\\\/wp-content\\\/uploads\\\/2025\\\/11\\\/laptiteaude-audrey-joubault-fond-apropos2.png\",\"contentUrl\":\"https:\\\/\\\/www.laptiteaude.fr\\\/wp-content\\\/uploads\\\/2025\\\/11\\\/laptiteaude-audrey-joubault-fond-apropos2.png\"},{\"@type\":\"BreadcrumbList\",\"@id\":\"https:\\\/\\\/www.laptiteaude.fr\\\/a-propos\\\/#breadcrumb\",\"itemListElement\":[{\"@type\":\"ListItem\",\"position\":1,\"name\":\"Accueil\",\"item\":\"https:\\\/\\\/www.laptiteaude.fr\\\/\"},{\"@type\":\"ListItem\",\"position\":2,\"name\":\"\u00c0 propos\"}]},{\"@type\":\"WebSite\",\"@id\":\"https:\\\/\\\/www.laptiteaude.fr\\\/#website\",\"url\":\"https:\\\/\\\/www.laptiteaude.fr\\\/\",\"name\":\"La Ptite Aude\",\"description\":\"\u00c9couter son \u00e2me et affirmer son style\",\"publisher\":{\"@id\":\"https:\\\/\\\/www.laptiteaude.fr\\\/#organization\"},\"potentialAction\":[{\"@type\":\"SearchAction\",\"target\":{\"@type\":\"EntryPoint\",\"urlTemplate\":\"https:\\\/\\\/www.laptiteaude.fr\\\/?s={search_term_string}\"},\"query-input\":{\"@type\":\"PropertyValueSpecification\",\"valueRequired\":true,\"valueName\":\"search_term_string\"}}],\"inLanguage\":\"es\"},{\"@type\":\"Organization\",\"@id\":\"https:\\\/\\\/www.laptiteaude.fr\\\/#organization\",\"name\":\"La Ptite Aude\",\"url\":\"https:\\\/\\\/www.laptiteaude.fr\\\/\",\"logo\":{\"@type\":\"ImageObject\",\"inLanguage\":\"es\",\"@id\":\"https:\\\/\\\/www.laptiteaude.fr\\\/#\\\/schema\\\/logo\\\/image\\\/\",\"url\":\"https:\\\/\\\/www.laptiteaude.fr\\\/wp-content\\\/uploads\\\/2025\\\/11\\\/laptiteaude-logo.png\",\"contentUrl\":\"https:\\\/\\\/www.laptiteaude.fr\\\/wp-content\\\/uploads\\\/2025\\\/11\\\/laptiteaude-logo.png\",\"width\":350,\"height\":100,\"caption\":\"La Ptite Aude\"},\"image\":{\"@id\":\"https:\\\/\\\/www.laptiteaude.fr\\\/#\\\/schema\\\/logo\\\/image\\\/\"}}]}<\/script>\n<!-- \/ Yoast SEO plugin. -->","yoast_head_json":{"title":"\u00c0 propos - La Ptite Aude","robots":{"index":"index","follow":"follow","max-snippet":"max-snippet:-1","max-image-preview":"max-image-preview:large","max-video-preview":"max-video-preview:-1"},"canonical":"https:\/\/www.laptiteaude.fr\/es\/a-propos\/","og_locale":"es_ES","og_type":"article","og_title":"\u00c0 propos - La Ptite Aude","og_description":"LA P&rsquo;TITE AUDE Je laisse mon empreinte, je pars avec vos souvenirs ! Je suis Audrey, mais depuis toujours, on m\u2019appelle La Ptite Aude un murmure d\u2019\u00e2me qui me relie \u00e0 ma mission de c\u0153ur\u00a0: Celle d\u2019avancer sur le chemin de la gu\u00e9rison, l\u00e0 o\u00f9 les \u00e9motions se lib\u00e8rent, o\u00f9 les \u00e2mes se souviennent, et o\u00f9 la lumi\u00e8re int\u00e9rieure rena\u00eet. Rejoindre ma communaut\u00e9 https:\/\/www.laptiteaude.fr\/wp-content\/uploads\/2025\/11\/Logo-ptiteaude.mov Guid\u00e9e par les \u00e9nergies subtiles, j\u2019accompagne chacun dans la reconnexion \u00e0 son essence, \u00e0 cette v\u00e9rit\u00e9 int\u00e9rieure qui \u00e9claire le chemin de vie. En moi cohabitent deux forces : la femme douce, sensible, \u00e0 l\u2019\u00e9coute des \u00e2mes et des murmures du c\u0153ur, et la femme libre, passionn\u00e9e, rebelle, un peu biker, qui aime la route, le vent et la puissance de la vie qui vibre dans chaque battement. Parce que je c\u00f4toie chaque jour le monde de la spiritualit\u00e9, j\u2019ai voulu y ajouter cet univers plus brut, plus vrai celui de la libert\u00e9, de la fraternit\u00e9 et du feu int\u00e9rieur. J\u2019ai voulu montrer que la lumi\u00e8re peut aussi briller sous un blouson de cuir, que la douceur peut marcher main dans la main avec la force, et que la spiritualit\u00e9 peut avoir le go\u00fbt de l\u2019aventure. Prendre rendez-vous DE CETTE ALLIANCE, EST NEE UNE EVIDENCE Cr\u00e9er ma collection de pr\u00eat-\u00e0-porter, des pi\u00e8ces porteuses de sens, d\u2019\u00e9nergie et d\u2019amour, pour que chacun puisse emporter une part de cette vibration, une trace, un souffle, une empreinte. Parce qu\u2019au-dela des mots et des gestes, je laisse mon empreinte\u2026 et je pars avec vos souvenirs. Voir la boutique","og_url":"https:\/\/www.laptiteaude.fr\/es\/a-propos\/","og_site_name":"La Ptite Aude","article_modified_time":"2025-11-14T09:31:15+00:00","og_image":[{"width":404,"height":545,"url":"https:\/\/www.laptiteaude.fr\/wp-content\/uploads\/2025\/11\/laptiteaude-audrey-joubault-fond-apropos2.png","type":"image\/png"}],"twitter_card":"summary_large_image","twitter_misc":{"Tiempo de lectura":"1 minuto"},"schema":{"@context":"https:\/\/schema.org","@graph":[{"@type":"WebPage","@id":"https:\/\/www.laptiteaude.fr\/a-propos\/","url":"https:\/\/www.laptiteaude.fr\/a-propos\/","name":"\u00c0 propos - La Ptite Aude","isPartOf":{"@id":"https:\/\/www.laptiteaude.fr\/#website"},"primaryImageOfPage":{"@id":"https:\/\/www.laptiteaude.fr\/a-propos\/#primaryimage"},"image":{"@id":"https:\/\/www.laptiteaude.fr\/a-propos\/#primaryimage"},"thumbnailUrl":"https:\/\/www.laptiteaude.fr\/wp-content\/uploads\/2025\/11\/laptiteaude-audrey-joubault-fond-apropos2.png","datePublished":"2025-11-12T12:10:49+00:00","dateModified":"2025-11-14T09:31:15+00:00","breadcrumb":{"@id":"https:\/\/www.laptiteaude.fr\/a-propos\/#breadcrumb"},"inLanguage":"es","potentialAction":[{"@type":"ReadAction","target":["https:\/\/www.laptiteaude.fr\/a-propos\/"]}]},{"@type":"ImageObject","inLanguage":"es","@id":"https:\/\/www.laptiteaude.fr\/a-propos\/#primaryimage","url":"https:\/\/www.laptiteaude.fr\/wp-content\/uploads\/2025\/11\/laptiteaude-audrey-joubault-fond-apropos2.png","contentUrl":"https:\/\/www.laptiteaude.fr\/wp-content\/uploads\/2025\/11\/laptiteaude-audrey-joubault-fond-apropos2.png"},{"@type":"BreadcrumbList","@id":"https:\/\/www.laptiteaude.fr\/a-propos\/#breadcrumb","itemListElement":[{"@type":"ListItem","position":1,"name":"Accueil","item":"https:\/\/www.laptiteaude.fr\/"},{"@type":"ListItem","position":2,"name":"\u00c0 propos"}]},{"@type":"WebSite","@id":"https:\/\/www.laptiteaude.fr\/#website","url":"https:\/\/www.laptiteaude.fr\/","name":"La Ptite Aude","description":"\u00c9couter son \u00e2me et affirmer son style","publisher":{"@id":"https:\/\/www.laptiteaude.fr\/#organization"},"potentialAction":[{"@type":"SearchAction","target":{"@type":"EntryPoint","urlTemplate":"https:\/\/www.laptiteaude.fr\/?s={search_term_string}"},"query-input":{"@type":"PropertyValueSpecification","valueRequired":true,"valueName":"search_term_string"}}],"inLanguage":"es"},{"@type":"Organization","@id":"https:\/\/www.laptiteaude.fr\/#organization","name":"La Ptite Aude","url":"https:\/\/www.laptiteaude.fr\/","logo":{"@type":"ImageObject","inLanguage":"es","@id":"https:\/\/www.laptiteaude.fr\/#\/schema\/logo\/image\/","url":"https:\/\/www.laptiteaude.fr\/wp-content\/uploads\/2025\/11\/laptiteaude-logo.png","contentUrl":"https:\/\/www.laptiteaude.fr\/wp-content\/uploads\/2025\/11\/laptiteaude-logo.png","width":350,"height":100,"caption":"La Ptite Aude"},"image":{"@id":"https:\/\/www.laptiteaude.fr\/#\/schema\/logo\/image\/"}}]}},"jetpack_sharing_enabled":true,"_links":{"self":[{"href":"https:\/\/www.laptiteaude.fr\/es\/wp-json\/wp\/v2\/pages\/279","targetHints":{"allow":["GET"]}}],"collection":[{"href":"https:\/\/www.laptiteaude.fr\/es\/wp-json\/wp\/v2\/pages"}],"about":[{"href":"https:\/\/www.laptiteaude.fr\/es\/wp-json\/wp\/v2\/types\/page"}],"author":[{"embeddable":true,"href":"https:\/\/www.laptiteaude.fr\/es\/wp-json\/wp\/v2\/users\/1"}],"replies":[{"embeddable":true,"href":"https:\/\/www.laptiteaude.fr\/es\/wp-json\/wp\/v2\/comments?post=279"}],"version-history":[{"count":10,"href":"https:\/\/www.laptiteaude.fr\/es\/wp-json\/wp\/v2\/pages\/279\/revisions"}],"predecessor-version":[{"id":675,"href":"https:\/\/www.laptiteaude.fr\/es\/wp-json\/wp\/v2\/pages\/279\/revisions\/675"}],"wp:attachment":[{"href":"https:\/\/www.laptiteaude.fr\/es\/wp-json\/wp\/v2\/media?parent=279"}],"curies":[{"name":"wp","href":"https:\/\/api.w.org\/{rel}","templated":true}]}}