{"id":216,"date":"2025-11-12T09:26:56","date_gmt":"2025-11-12T07:26:56","guid":{"rendered":"https:\/\/www.laptiteaude.fr\/?post_type=product&#038;p=216"},"modified":"2025-11-13T09:58:39","modified_gmt":"2025-11-13T07:58:39","slug":"legging","status":"publish","type":"product","link":"https:\/\/www.laptiteaude.fr\/es\/producto\/legging\/","title":{"rendered":"LEGGING"},"content":{"rendered":"","protected":false},"excerpt":{"rendered":"<p>Le <strong data-start=\"613\" data-end=\"645\">legging femme La P\u2019tite Aude<\/strong> est con\u00e7u pour accompagner chaque pas avec fluidit\u00e9 et conscience.<br data-start=\"712\" data-end=\"715\" \/>\u00c9l\u00e9gant et confortable, il symbolise l\u2019alliance entre <strong data-start=\"769\" data-end=\"797\">corps, esprit et ancrage<\/strong>, fid\u00e8le \u00e0 la philosophie de la marque.<br data-start=\"836\" data-end=\"839\" \/>Sa broderie <strong data-start=\"851\" data-end=\"869\">La P\u2019tite Aude<\/strong>, discr\u00e8te et vibrante, \u00e9voque la guidance int\u00e9rieure et la force tranquille de celles qui avancent align\u00e9es.<\/p>","protected":false},"featured_media":233,"template":"","meta":{"_acf_changed":false},"product_brand":[],"product_cat":[18,37],"product_tag":[],"class_list":{"0":"post-216","1":"product","2":"type-product","3":"status-publish","4":"has-post-thumbnail","6":"product_cat-laptiteaude","7":"product_cat-legging","9":"first","10":"instock","11":"purchasable","12":"product-type-variable"},"acf":[],"yoast_head":"<!-- This site is optimized with the Yoast SEO plugin v27.4 - https:\/\/yoast.com\/product\/yoast-seo-wordpress\/ -->\n<title>LEGGING - La Ptite Aude<\/title>\n<meta name=\"robots\" content=\"index, follow, max-snippet:-1, max-image-preview:large, max-video-preview:-1\" \/>\n<link rel=\"canonical\" href=\"https:\/\/www.laptiteaude.fr\/es\/producto\/legging\/\" \/>\n<meta property=\"og:locale\" content=\"es_ES\" \/>\n<meta property=\"og:type\" content=\"article\" \/>\n<meta property=\"og:title\" content=\"LEGGING - La Ptite Aude\" \/>\n<meta property=\"og:description\" content=\"Le legging femme La P\u2019tite Aude est con\u00e7u pour accompagner chaque pas avec fluidit\u00e9 et conscience.\u00c9l\u00e9gant et confortable, il symbolise l\u2019alliance entre corps, esprit et ancrage, fid\u00e8le \u00e0 la philosophie de la marque.Sa broderie La P\u2019tite Aude, discr\u00e8te et vibrante, \u00e9voque la guidance int\u00e9rieure et la force tranquille de celles qui avancent align\u00e9es.\" \/>\n<meta property=\"og:url\" content=\"https:\/\/www.laptiteaude.fr\/es\/producto\/legging\/\" \/>\n<meta property=\"og:site_name\" content=\"La Ptite Aude\" \/>\n<meta property=\"article:modified_time\" content=\"2025-11-13T07:58:39+00:00\" \/>\n<meta property=\"og:image\" content=\"https:\/\/www.laptiteaude.fr\/wp-content\/uploads\/2025\/11\/laptiteaude.leggin.bleu-marine-front.png\" \/>\n\t<meta property=\"og:image:width\" content=\"1\" \/>\n\t<meta property=\"og:image:height\" content=\"1\" \/>\n\t<meta property=\"og:image:type\" content=\"image\/png\" \/>\n<meta name=\"twitter:card\" content=\"summary_large_image\" \/>\n<script type=\"application\/ld+json\" class=\"yoast-schema-graph\">{\"@context\":\"https:\\\/\\\/schema.org\",\"@graph\":[{\"@type\":\"WebPage\",\"@id\":\"https:\\\/\\\/www.laptiteaude.fr\\\/produit\\\/legging\\\/\",\"url\":\"https:\\\/\\\/www.laptiteaude.fr\\\/produit\\\/legging\\\/\",\"name\":\"LEGGING - La Ptite Aude\",\"isPartOf\":{\"@id\":\"https:\\\/\\\/www.laptiteaude.fr\\\/#website\"},\"primaryImageOfPage\":{\"@id\":\"https:\\\/\\\/www.laptiteaude.fr\\\/produit\\\/legging\\\/#primaryimage\"},\"image\":{\"@id\":\"https:\\\/\\\/www.laptiteaude.fr\\\/produit\\\/legging\\\/#primaryimage\"},\"thumbnailUrl\":\"https:\\\/\\\/www.laptiteaude.fr\\\/wp-content\\\/uploads\\\/2025\\\/11\\\/laptiteaude.leggin.bleu-marine-front.png\",\"datePublished\":\"2025-11-12T07:26:56+00:00\",\"dateModified\":\"2025-11-13T07:58:39+00:00\",\"breadcrumb\":{\"@id\":\"https:\\\/\\\/www.laptiteaude.fr\\\/produit\\\/legging\\\/#breadcrumb\"},\"inLanguage\":\"es\",\"potentialAction\":[{\"@type\":\"ReadAction\",\"target\":[\"https:\\\/\\\/www.laptiteaude.fr\\\/produit\\\/legging\\\/\"]}]},{\"@type\":\"ImageObject\",\"inLanguage\":\"es\",\"@id\":\"https:\\\/\\\/www.laptiteaude.fr\\\/produit\\\/legging\\\/#primaryimage\",\"url\":\"https:\\\/\\\/www.laptiteaude.fr\\\/wp-content\\\/uploads\\\/2025\\\/11\\\/laptiteaude.leggin.bleu-marine-front.png\",\"contentUrl\":\"https:\\\/\\\/www.laptiteaude.fr\\\/wp-content\\\/uploads\\\/2025\\\/11\\\/laptiteaude.leggin.bleu-marine-front.png\"},{\"@type\":\"BreadcrumbList\",\"@id\":\"https:\\\/\\\/www.laptiteaude.fr\\\/produit\\\/legging\\\/#breadcrumb\",\"itemListElement\":[{\"@type\":\"ListItem\",\"position\":1,\"name\":\"Accueil\",\"item\":\"https:\\\/\\\/www.laptiteaude.fr\\\/\"},{\"@type\":\"ListItem\",\"position\":2,\"name\":\"La Ptite Aude | Boutique\",\"item\":\"https:\\\/\\\/www.laptiteaude.fr\\\/boutique\\\/\"},{\"@type\":\"ListItem\",\"position\":3,\"name\":\"LEGGING\"}]},{\"@type\":\"WebSite\",\"@id\":\"https:\\\/\\\/www.laptiteaude.fr\\\/#website\",\"url\":\"https:\\\/\\\/www.laptiteaude.fr\\\/\",\"name\":\"La Ptite Aude\",\"description\":\"\u00c9couter son \u00e2me et affirmer son style\",\"publisher\":{\"@id\":\"https:\\\/\\\/www.laptiteaude.fr\\\/#organization\"},\"potentialAction\":[{\"@type\":\"SearchAction\",\"target\":{\"@type\":\"EntryPoint\",\"urlTemplate\":\"https:\\\/\\\/www.laptiteaude.fr\\\/?s={search_term_string}\"},\"query-input\":{\"@type\":\"PropertyValueSpecification\",\"valueRequired\":true,\"valueName\":\"search_term_string\"}}],\"inLanguage\":\"es\"},{\"@type\":\"Organization\",\"@id\":\"https:\\\/\\\/www.laptiteaude.fr\\\/#organization\",\"name\":\"La Ptite Aude\",\"url\":\"https:\\\/\\\/www.laptiteaude.fr\\\/\",\"logo\":{\"@type\":\"ImageObject\",\"inLanguage\":\"es\",\"@id\":\"https:\\\/\\\/www.laptiteaude.fr\\\/#\\\/schema\\\/logo\\\/image\\\/\",\"url\":\"https:\\\/\\\/www.laptiteaude.fr\\\/wp-content\\\/uploads\\\/2025\\\/11\\\/laptiteaude-logo.png\",\"contentUrl\":\"https:\\\/\\\/www.laptiteaude.fr\\\/wp-content\\\/uploads\\\/2025\\\/11\\\/laptiteaude-logo.png\",\"width\":350,\"height\":100,\"caption\":\"La Ptite Aude\"},\"image\":{\"@id\":\"https:\\\/\\\/www.laptiteaude.fr\\\/#\\\/schema\\\/logo\\\/image\\\/\"}}]}<\/script>\n<!-- \/ Yoast SEO plugin. -->","yoast_head_json":{"title":"LEGGING - La Ptite Aude","robots":{"index":"index","follow":"follow","max-snippet":"max-snippet:-1","max-image-preview":"max-image-preview:large","max-video-preview":"max-video-preview:-1"},"canonical":"https:\/\/www.laptiteaude.fr\/es\/producto\/legging\/","og_locale":"es_ES","og_type":"article","og_title":"LEGGING - La Ptite Aude","og_description":"Le legging femme La P\u2019tite Aude est con\u00e7u pour accompagner chaque pas avec fluidit\u00e9 et conscience.\u00c9l\u00e9gant et confortable, il symbolise l\u2019alliance entre corps, esprit et ancrage, fid\u00e8le \u00e0 la philosophie de la marque.Sa broderie La P\u2019tite Aude, discr\u00e8te et vibrante, \u00e9voque la guidance int\u00e9rieure et la force tranquille de celles qui avancent align\u00e9es.","og_url":"https:\/\/www.laptiteaude.fr\/es\/producto\/legging\/","og_site_name":"La Ptite Aude","article_modified_time":"2025-11-13T07:58:39+00:00","og_image":[{"url":"https:\/\/www.laptiteaude.fr\/wp-content\/uploads\/2025\/11\/laptiteaude.leggin.bleu-marine-front.png","width":1,"height":1,"type":"image\/png"}],"twitter_card":"summary_large_image","schema":{"@context":"https:\/\/schema.org","@graph":[{"@type":"WebPage","@id":"https:\/\/www.laptiteaude.fr\/produit\/legging\/","url":"https:\/\/www.laptiteaude.fr\/produit\/legging\/","name":"LEGGING - La Ptite Aude","isPartOf":{"@id":"https:\/\/www.laptiteaude.fr\/#website"},"primaryImageOfPage":{"@id":"https:\/\/www.laptiteaude.fr\/produit\/legging\/#primaryimage"},"image":{"@id":"https:\/\/www.laptiteaude.fr\/produit\/legging\/#primaryimage"},"thumbnailUrl":"https:\/\/www.laptiteaude.fr\/wp-content\/uploads\/2025\/11\/laptiteaude.leggin.bleu-marine-front.png","datePublished":"2025-11-12T07:26:56+00:00","dateModified":"2025-11-13T07:58:39+00:00","breadcrumb":{"@id":"https:\/\/www.laptiteaude.fr\/produit\/legging\/#breadcrumb"},"inLanguage":"es","potentialAction":[{"@type":"ReadAction","target":["https:\/\/www.laptiteaude.fr\/produit\/legging\/"]}]},{"@type":"ImageObject","inLanguage":"es","@id":"https:\/\/www.laptiteaude.fr\/produit\/legging\/#primaryimage","url":"https:\/\/www.laptiteaude.fr\/wp-content\/uploads\/2025\/11\/laptiteaude.leggin.bleu-marine-front.png","contentUrl":"https:\/\/www.laptiteaude.fr\/wp-content\/uploads\/2025\/11\/laptiteaude.leggin.bleu-marine-front.png"},{"@type":"BreadcrumbList","@id":"https:\/\/www.laptiteaude.fr\/produit\/legging\/#breadcrumb","itemListElement":[{"@type":"ListItem","position":1,"name":"Accueil","item":"https:\/\/www.laptiteaude.fr\/"},{"@type":"ListItem","position":2,"name":"La Ptite Aude | Boutique","item":"https:\/\/www.laptiteaude.fr\/boutique\/"},{"@type":"ListItem","position":3,"name":"LEGGING"}]},{"@type":"WebSite","@id":"https:\/\/www.laptiteaude.fr\/#website","url":"https:\/\/www.laptiteaude.fr\/","name":"La Ptite Aude","description":"\u00c9couter son \u00e2me et affirmer son style","publisher":{"@id":"https:\/\/www.laptiteaude.fr\/#organization"},"potentialAction":[{"@type":"SearchAction","target":{"@type":"EntryPoint","urlTemplate":"https:\/\/www.laptiteaude.fr\/?s={search_term_string}"},"query-input":{"@type":"PropertyValueSpecification","valueRequired":true,"valueName":"search_term_string"}}],"inLanguage":"es"},{"@type":"Organization","@id":"https:\/\/www.laptiteaude.fr\/#organization","name":"La Ptite Aude","url":"https:\/\/www.laptiteaude.fr\/","logo":{"@type":"ImageObject","inLanguage":"es","@id":"https:\/\/www.laptiteaude.fr\/#\/schema\/logo\/image\/","url":"https:\/\/www.laptiteaude.fr\/wp-content\/uploads\/2025\/11\/laptiteaude-logo.png","contentUrl":"https:\/\/www.laptiteaude.fr\/wp-content\/uploads\/2025\/11\/laptiteaude-logo.png","width":350,"height":100,"caption":"La Ptite Aude"},"image":{"@id":"https:\/\/www.laptiteaude.fr\/#\/schema\/logo\/image\/"}}]}},"jetpack_sharing_enabled":true,"_links":{"self":[{"href":"https:\/\/www.laptiteaude.fr\/es\/wp-json\/wp\/v2\/product\/216","targetHints":{"allow":["GET"]}}],"collection":[{"href":"https:\/\/www.laptiteaude.fr\/es\/wp-json\/wp\/v2\/product"}],"about":[{"href":"https:\/\/www.laptiteaude.fr\/es\/wp-json\/wp\/v2\/types\/product"}],"version-history":[{"count":5,"href":"https:\/\/www.laptiteaude.fr\/es\/wp-json\/wp\/v2\/product\/216\/revisions"}],"predecessor-version":[{"id":269,"href":"https:\/\/www.laptiteaude.fr\/es\/wp-json\/wp\/v2\/product\/216\/revisions\/269"}],"wp:featuredmedia":[{"embeddable":true,"href":"https:\/\/www.laptiteaude.fr\/es\/wp-json\/wp\/v2\/media\/233"}],"wp:attachment":[{"href":"https:\/\/www.laptiteaude.fr\/es\/wp-json\/wp\/v2\/media?parent=216"}],"wp:term":[{"taxonomy":"product_brand","embeddable":true,"href":"https:\/\/www.laptiteaude.fr\/es\/wp-json\/wp\/v2\/product_brand?post=216"},{"taxonomy":"product_cat","embeddable":true,"href":"https:\/\/www.laptiteaude.fr\/es\/wp-json\/wp\/v2\/product_cat?post=216"},{"taxonomy":"product_tag","embeddable":true,"href":"https:\/\/www.laptiteaude.fr\/es\/wp-json\/wp\/v2\/product_tag?post=216"}],"curies":[{"name":"wp","href":"https:\/\/api.w.org\/{rel}","templated":true}]}}