{"id":440,"date":"2025-11-13T11:27:43","date_gmt":"2025-11-13T09:27:43","guid":{"rendered":"https:\/\/www.laptiteaude.fr\/?post_type=product&#038;p=440"},"modified":"2025-12-01T11:34:40","modified_gmt":"2025-12-01T09:34:40","slug":"sweat-biker","status":"publish","type":"product","link":"https:\/\/www.laptiteaude.fr\/es\/producto\/sweat-biker\/","title":{"rendered":"SWEAT BIKER"},"content":{"rendered":"","protected":false},"excerpt":{"rendered":"<p>L\u2019\u00e9dition Biker incarne la fusion entre <strong data-start=\"86\" data-end=\"127\">force, libert\u00e9 et \u00e9nergie spirituelle<\/strong>.<br data-start=\"128\" data-end=\"131\" \/>Inspir\u00e9 de l\u2019univers moto, ce sweat unisexe allie <strong data-start=\"181\" data-end=\"198\">style affirm\u00e9<\/strong> et <strong data-start=\"202\" data-end=\"228\">protection \u00e9nerg\u00e9tique<\/strong>. Chaque d\u00e9tail, du fil \u00e0 la broderie, est pens\u00e9 comme une <strong data-start=\"287\" data-end=\"311\">signature vibratoire<\/strong>, un rappel que la route, qu\u2019elle soit terrestre ou int\u00e9rieure, se parcourt avec courage et pr\u00e9sence.<\/p>","protected":false},"featured_media":444,"template":"","meta":{"_acf_changed":false},"product_brand":[],"product_cat":[17,32,31,45],"product_tag":[],"class_list":{"0":"post-440","1":"product","2":"type-product","3":"status-publish","4":"has-post-thumbnail","6":"product_cat-biker","7":"product_cat-categorie","8":"product_cat-collection","9":"product_cat-sweat","11":"first","12":"instock","13":"taxable","14":"shipping-taxable","15":"purchasable","16":"product-type-variable"},"acf":[],"yoast_head":"<!-- This site is optimized with the Yoast SEO plugin v27.4 - https:\/\/yoast.com\/product\/yoast-seo-wordpress\/ -->\n<title>SWEAT BIKER - La Ptite Aude<\/title>\n<meta name=\"robots\" content=\"index, follow, max-snippet:-1, max-image-preview:large, max-video-preview:-1\" \/>\n<link rel=\"canonical\" href=\"https:\/\/www.laptiteaude.fr\/es\/producto\/sweat-biker\/\" \/>\n<meta property=\"og:locale\" content=\"es_ES\" \/>\n<meta property=\"og:type\" content=\"article\" \/>\n<meta property=\"og:title\" content=\"SWEAT BIKER - La Ptite Aude\" \/>\n<meta property=\"og:description\" content=\"L\u2019\u00e9dition Biker incarne la fusion entre force, libert\u00e9 et \u00e9nergie spirituelle.Inspir\u00e9 de l\u2019univers moto, ce sweat unisexe allie style affirm\u00e9 et protection \u00e9nerg\u00e9tique. Chaque d\u00e9tail, du fil \u00e0 la broderie, est pens\u00e9 comme une signature vibratoire, un rappel que la route, qu\u2019elle soit terrestre ou int\u00e9rieure, se parcourt avec courage et pr\u00e9sence.\" \/>\n<meta property=\"og:url\" content=\"https:\/\/www.laptiteaude.fr\/es\/producto\/sweat-biker\/\" \/>\n<meta property=\"og:site_name\" content=\"La Ptite Aude\" \/>\n<meta property=\"article:modified_time\" content=\"2025-12-01T09:34:40+00:00\" \/>\n<meta property=\"og:image\" content=\"https:\/\/www.laptiteaude.fr\/wp-content\/uploads\/2025\/11\/laptiteaude.sweat_.lpa-biker.png\" \/>\n\t<meta property=\"og:image:width\" content=\"1\" \/>\n\t<meta property=\"og:image:height\" content=\"1\" \/>\n\t<meta property=\"og:image:type\" content=\"image\/png\" \/>\n<meta name=\"twitter:card\" content=\"summary_large_image\" \/>\n<script type=\"application\/ld+json\" class=\"yoast-schema-graph\">{\"@context\":\"https:\\\/\\\/schema.org\",\"@graph\":[{\"@type\":\"WebPage\",\"@id\":\"https:\\\/\\\/www.laptiteaude.fr\\\/produit\\\/sweat-biker\\\/\",\"url\":\"https:\\\/\\\/www.laptiteaude.fr\\\/produit\\\/sweat-biker\\\/\",\"name\":\"SWEAT BIKER - La Ptite Aude\",\"isPartOf\":{\"@id\":\"https:\\\/\\\/www.laptiteaude.fr\\\/#website\"},\"primaryImageOfPage\":{\"@id\":\"https:\\\/\\\/www.laptiteaude.fr\\\/produit\\\/sweat-biker\\\/#primaryimage\"},\"image\":{\"@id\":\"https:\\\/\\\/www.laptiteaude.fr\\\/produit\\\/sweat-biker\\\/#primaryimage\"},\"thumbnailUrl\":\"https:\\\/\\\/www.laptiteaude.fr\\\/wp-content\\\/uploads\\\/2025\\\/11\\\/laptiteaude.sweat_.lpa-biker.png\",\"datePublished\":\"2025-11-13T09:27:43+00:00\",\"dateModified\":\"2025-12-01T09:34:40+00:00\",\"breadcrumb\":{\"@id\":\"https:\\\/\\\/www.laptiteaude.fr\\\/produit\\\/sweat-biker\\\/#breadcrumb\"},\"inLanguage\":\"es\",\"potentialAction\":[{\"@type\":\"ReadAction\",\"target\":[\"https:\\\/\\\/www.laptiteaude.fr\\\/produit\\\/sweat-biker\\\/\"]}]},{\"@type\":\"ImageObject\",\"inLanguage\":\"es\",\"@id\":\"https:\\\/\\\/www.laptiteaude.fr\\\/produit\\\/sweat-biker\\\/#primaryimage\",\"url\":\"https:\\\/\\\/www.laptiteaude.fr\\\/wp-content\\\/uploads\\\/2025\\\/11\\\/laptiteaude.sweat_.lpa-biker.png\",\"contentUrl\":\"https:\\\/\\\/www.laptiteaude.fr\\\/wp-content\\\/uploads\\\/2025\\\/11\\\/laptiteaude.sweat_.lpa-biker.png\"},{\"@type\":\"BreadcrumbList\",\"@id\":\"https:\\\/\\\/www.laptiteaude.fr\\\/produit\\\/sweat-biker\\\/#breadcrumb\",\"itemListElement\":[{\"@type\":\"ListItem\",\"position\":1,\"name\":\"Accueil\",\"item\":\"https:\\\/\\\/www.laptiteaude.fr\\\/\"},{\"@type\":\"ListItem\",\"position\":2,\"name\":\"La Ptite Aude | Boutique\",\"item\":\"https:\\\/\\\/www.laptiteaude.fr\\\/boutique\\\/\"},{\"@type\":\"ListItem\",\"position\":3,\"name\":\"SWEAT BIKER\"}]},{\"@type\":\"WebSite\",\"@id\":\"https:\\\/\\\/www.laptiteaude.fr\\\/#website\",\"url\":\"https:\\\/\\\/www.laptiteaude.fr\\\/\",\"name\":\"La Ptite Aude\",\"description\":\"\u00c9couter son \u00e2me et affirmer son style\",\"publisher\":{\"@id\":\"https:\\\/\\\/www.laptiteaude.fr\\\/#organization\"},\"potentialAction\":[{\"@type\":\"SearchAction\",\"target\":{\"@type\":\"EntryPoint\",\"urlTemplate\":\"https:\\\/\\\/www.laptiteaude.fr\\\/?s={search_term_string}\"},\"query-input\":{\"@type\":\"PropertyValueSpecification\",\"valueRequired\":true,\"valueName\":\"search_term_string\"}}],\"inLanguage\":\"es\"},{\"@type\":\"Organization\",\"@id\":\"https:\\\/\\\/www.laptiteaude.fr\\\/#organization\",\"name\":\"La Ptite Aude\",\"url\":\"https:\\\/\\\/www.laptiteaude.fr\\\/\",\"logo\":{\"@type\":\"ImageObject\",\"inLanguage\":\"es\",\"@id\":\"https:\\\/\\\/www.laptiteaude.fr\\\/#\\\/schema\\\/logo\\\/image\\\/\",\"url\":\"https:\\\/\\\/www.laptiteaude.fr\\\/wp-content\\\/uploads\\\/2025\\\/11\\\/laptiteaude-logo.png\",\"contentUrl\":\"https:\\\/\\\/www.laptiteaude.fr\\\/wp-content\\\/uploads\\\/2025\\\/11\\\/laptiteaude-logo.png\",\"width\":350,\"height\":100,\"caption\":\"La Ptite Aude\"},\"image\":{\"@id\":\"https:\\\/\\\/www.laptiteaude.fr\\\/#\\\/schema\\\/logo\\\/image\\\/\"}}]}<\/script>\n<!-- \/ Yoast SEO plugin. -->","yoast_head_json":{"title":"SWEAT BIKER - La Ptite Aude","robots":{"index":"index","follow":"follow","max-snippet":"max-snippet:-1","max-image-preview":"max-image-preview:large","max-video-preview":"max-video-preview:-1"},"canonical":"https:\/\/www.laptiteaude.fr\/es\/producto\/sweat-biker\/","og_locale":"es_ES","og_type":"article","og_title":"SWEAT BIKER - La Ptite Aude","og_description":"L\u2019\u00e9dition Biker incarne la fusion entre force, libert\u00e9 et \u00e9nergie spirituelle.Inspir\u00e9 de l\u2019univers moto, ce sweat unisexe allie style affirm\u00e9 et protection \u00e9nerg\u00e9tique. Chaque d\u00e9tail, du fil \u00e0 la broderie, est pens\u00e9 comme une signature vibratoire, un rappel que la route, qu\u2019elle soit terrestre ou int\u00e9rieure, se parcourt avec courage et pr\u00e9sence.","og_url":"https:\/\/www.laptiteaude.fr\/es\/producto\/sweat-biker\/","og_site_name":"La Ptite Aude","article_modified_time":"2025-12-01T09:34:40+00:00","og_image":[{"url":"https:\/\/www.laptiteaude.fr\/wp-content\/uploads\/2025\/11\/laptiteaude.sweat_.lpa-biker.png","width":1,"height":1,"type":"image\/png"}],"twitter_card":"summary_large_image","schema":{"@context":"https:\/\/schema.org","@graph":[{"@type":"WebPage","@id":"https:\/\/www.laptiteaude.fr\/produit\/sweat-biker\/","url":"https:\/\/www.laptiteaude.fr\/produit\/sweat-biker\/","name":"SWEAT BIKER - La Ptite Aude","isPartOf":{"@id":"https:\/\/www.laptiteaude.fr\/#website"},"primaryImageOfPage":{"@id":"https:\/\/www.laptiteaude.fr\/produit\/sweat-biker\/#primaryimage"},"image":{"@id":"https:\/\/www.laptiteaude.fr\/produit\/sweat-biker\/#primaryimage"},"thumbnailUrl":"https:\/\/www.laptiteaude.fr\/wp-content\/uploads\/2025\/11\/laptiteaude.sweat_.lpa-biker.png","datePublished":"2025-11-13T09:27:43+00:00","dateModified":"2025-12-01T09:34:40+00:00","breadcrumb":{"@id":"https:\/\/www.laptiteaude.fr\/produit\/sweat-biker\/#breadcrumb"},"inLanguage":"es","potentialAction":[{"@type":"ReadAction","target":["https:\/\/www.laptiteaude.fr\/produit\/sweat-biker\/"]}]},{"@type":"ImageObject","inLanguage":"es","@id":"https:\/\/www.laptiteaude.fr\/produit\/sweat-biker\/#primaryimage","url":"https:\/\/www.laptiteaude.fr\/wp-content\/uploads\/2025\/11\/laptiteaude.sweat_.lpa-biker.png","contentUrl":"https:\/\/www.laptiteaude.fr\/wp-content\/uploads\/2025\/11\/laptiteaude.sweat_.lpa-biker.png"},{"@type":"BreadcrumbList","@id":"https:\/\/www.laptiteaude.fr\/produit\/sweat-biker\/#breadcrumb","itemListElement":[{"@type":"ListItem","position":1,"name":"Accueil","item":"https:\/\/www.laptiteaude.fr\/"},{"@type":"ListItem","position":2,"name":"La Ptite Aude | Boutique","item":"https:\/\/www.laptiteaude.fr\/boutique\/"},{"@type":"ListItem","position":3,"name":"SWEAT BIKER"}]},{"@type":"WebSite","@id":"https:\/\/www.laptiteaude.fr\/#website","url":"https:\/\/www.laptiteaude.fr\/","name":"La Ptite Aude","description":"\u00c9couter son \u00e2me et affirmer son style","publisher":{"@id":"https:\/\/www.laptiteaude.fr\/#organization"},"potentialAction":[{"@type":"SearchAction","target":{"@type":"EntryPoint","urlTemplate":"https:\/\/www.laptiteaude.fr\/?s={search_term_string}"},"query-input":{"@type":"PropertyValueSpecification","valueRequired":true,"valueName":"search_term_string"}}],"inLanguage":"es"},{"@type":"Organization","@id":"https:\/\/www.laptiteaude.fr\/#organization","name":"La Ptite Aude","url":"https:\/\/www.laptiteaude.fr\/","logo":{"@type":"ImageObject","inLanguage":"es","@id":"https:\/\/www.laptiteaude.fr\/#\/schema\/logo\/image\/","url":"https:\/\/www.laptiteaude.fr\/wp-content\/uploads\/2025\/11\/laptiteaude-logo.png","contentUrl":"https:\/\/www.laptiteaude.fr\/wp-content\/uploads\/2025\/11\/laptiteaude-logo.png","width":350,"height":100,"caption":"La Ptite Aude"},"image":{"@id":"https:\/\/www.laptiteaude.fr\/#\/schema\/logo\/image\/"}}]}},"jetpack_sharing_enabled":true,"_links":{"self":[{"href":"https:\/\/www.laptiteaude.fr\/es\/wp-json\/wp\/v2\/product\/440","targetHints":{"allow":["GET"]}}],"collection":[{"href":"https:\/\/www.laptiteaude.fr\/es\/wp-json\/wp\/v2\/product"}],"about":[{"href":"https:\/\/www.laptiteaude.fr\/es\/wp-json\/wp\/v2\/types\/product"}],"version-history":[{"count":1,"href":"https:\/\/www.laptiteaude.fr\/es\/wp-json\/wp\/v2\/product\/440\/revisions"}],"predecessor-version":[{"id":443,"href":"https:\/\/www.laptiteaude.fr\/es\/wp-json\/wp\/v2\/product\/440\/revisions\/443"}],"wp:featuredmedia":[{"embeddable":true,"href":"https:\/\/www.laptiteaude.fr\/es\/wp-json\/wp\/v2\/media\/444"}],"wp:attachment":[{"href":"https:\/\/www.laptiteaude.fr\/es\/wp-json\/wp\/v2\/media?parent=440"}],"wp:term":[{"taxonomy":"product_brand","embeddable":true,"href":"https:\/\/www.laptiteaude.fr\/es\/wp-json\/wp\/v2\/product_brand?post=440"},{"taxonomy":"product_cat","embeddable":true,"href":"https:\/\/www.laptiteaude.fr\/es\/wp-json\/wp\/v2\/product_cat?post=440"},{"taxonomy":"product_tag","embeddable":true,"href":"https:\/\/www.laptiteaude.fr\/es\/wp-json\/wp\/v2\/product_tag?post=440"}],"curies":[{"name":"wp","href":"https:\/\/api.w.org\/{rel}","templated":true}]}}