{"id":521,"date":"2025-11-14T08:41:44","date_gmt":"2025-11-14T06:41:44","guid":{"rendered":"https:\/\/www.laptiteaude.fr\/?post_type=product&#038;p=521"},"modified":"2025-12-01T13:12:29","modified_gmt":"2025-12-01T11:12:29","slug":"serie-limitee-biker-crane","status":"publish","type":"product","link":"https:\/\/www.laptiteaude.fr\/es\/producto\/serie-limitee-biker-crane\/","title":{"rendered":"GR\u00daA BIKER SERIE LIMITADA"},"content":{"rendered":"","protected":false},"excerpt":{"rendered":"<p>Le sweat en \u00e9dition limit\u00e9e <strong data-start=\"138\" data-end=\"156\">Biker<\/strong> s\u2019inspire du style embl\u00e9matique des riders Harley-Davidson : noir intense, broderie orange flamboyante, et caract\u00e8re affirm\u00e9.<br data-start=\"282\" data-end=\"285\" \/>Con\u00e7u comme une \u00e9dition limit\u00e9e, il exprime l\u2019\u00e2me d\u2019un esprit libre entre puissance, authenticit\u00e9 et vibration int\u00e9rieure.<\/p>\n<p>Personnalisable <strong>avec votre propre pr\u00e9nom \u00e0 l&rsquo;avant et \u00e0 l&rsquo;arri\u00e8re du sweat<\/strong> (<em data-start=\"455\" data-end=\"473\">La P\u2019tite Jeanne<\/em>, <em data-start=\"475\" data-end=\"489\">Le P\u2019tit Luc<\/em>\u2026), il devient plus qu\u2019un v\u00eatement : <strong data-start=\"526\" data-end=\"549\">un blason personnel<\/strong>, symbole de votre route, de votre histoire et de votre \u00e9nergie.<\/p>\n<p><strong>Sweat noir et broderies beige.<\/strong><\/p>","protected":false},"featured_media":626,"template":"","meta":{"_acf_changed":false},"product_brand":[],"product_cat":[17,32,31,45],"product_tag":[],"class_list":{"0":"post-521","1":"product","2":"type-product","3":"status-publish","4":"has-post-thumbnail","6":"product_cat-biker","7":"product_cat-categorie","8":"product_cat-collection","9":"product_cat-sweat","11":"first","12":"instock","13":"taxable","14":"shipping-taxable","15":"purchasable","16":"product-type-variable"},"acf":[],"yoast_head":"<!-- This site is optimized with the Yoast SEO plugin v27.4 - https:\/\/yoast.com\/product\/yoast-seo-wordpress\/ -->\n<title>SERIE LIMITEE BIKER CRANE - La Ptite Aude<\/title>\n<meta name=\"robots\" content=\"index, follow, max-snippet:-1, max-image-preview:large, max-video-preview:-1\" \/>\n<link rel=\"canonical\" href=\"https:\/\/www.laptiteaude.fr\/es\/producto\/serie-limitee-biker-crane\/\" \/>\n<meta property=\"og:locale\" content=\"es_ES\" \/>\n<meta property=\"og:type\" content=\"article\" \/>\n<meta property=\"og:title\" content=\"SERIE LIMITEE BIKER CRANE - La Ptite Aude\" \/>\n<meta property=\"og:description\" content=\"Le sweat en \u00e9dition limit\u00e9e Biker s\u2019inspire du style embl\u00e9matique des riders Harley-Davidson : noir intense, broderie orange flamboyante, et caract\u00e8re affirm\u00e9.Con\u00e7u comme une \u00e9dition limit\u00e9e, il exprime l\u2019\u00e2me d\u2019un esprit libre entre puissance, authenticit\u00e9 et vibration int\u00e9rieure.  Personnalisable avec votre propre pr\u00e9nom \u00e0 l&#039;avant et \u00e0 l&#039;arri\u00e8re du sweat (La P\u2019tite Jeanne, Le P\u2019tit Luc\u2026), il devient plus qu\u2019un v\u00eatement : un blason personnel, symbole de votre route, de votre histoire et de votre \u00e9nergie.  Sweat noir et broderies beige.\" \/>\n<meta property=\"og:url\" content=\"https:\/\/www.laptiteaude.fr\/es\/producto\/serie-limitee-biker-crane\/\" \/>\n<meta property=\"og:site_name\" content=\"La Ptite Aude\" \/>\n<meta property=\"article:modified_time\" content=\"2025-12-01T11:12:29+00:00\" \/>\n<meta property=\"og:image\" content=\"https:\/\/www.laptiteaude.fr\/wp-content\/uploads\/2025\/11\/laptiteaude.sweat_.lpa-biker-noir-crane.png\" \/>\n\t<meta property=\"og:image:width\" content=\"1\" \/>\n\t<meta property=\"og:image:height\" content=\"1\" \/>\n\t<meta property=\"og:image:type\" content=\"image\/png\" \/>\n<meta name=\"twitter:card\" content=\"summary_large_image\" \/>\n<meta name=\"twitter:label1\" content=\"Tiempo de lectura\" \/>\n\t<meta name=\"twitter:data1\" content=\"1 minuto\" \/>\n<script type=\"application\/ld+json\" class=\"yoast-schema-graph\">{\"@context\":\"https:\\\/\\\/schema.org\",\"@graph\":[{\"@type\":\"WebPage\",\"@id\":\"https:\\\/\\\/www.laptiteaude.fr\\\/produit\\\/serie-limitee-biker-crane\\\/\",\"url\":\"https:\\\/\\\/www.laptiteaude.fr\\\/produit\\\/serie-limitee-biker-crane\\\/\",\"name\":\"SERIE LIMITEE BIKER CRANE - La Ptite Aude\",\"isPartOf\":{\"@id\":\"https:\\\/\\\/www.laptiteaude.fr\\\/#website\"},\"primaryImageOfPage\":{\"@id\":\"https:\\\/\\\/www.laptiteaude.fr\\\/produit\\\/serie-limitee-biker-crane\\\/#primaryimage\"},\"image\":{\"@id\":\"https:\\\/\\\/www.laptiteaude.fr\\\/produit\\\/serie-limitee-biker-crane\\\/#primaryimage\"},\"thumbnailUrl\":\"https:\\\/\\\/www.laptiteaude.fr\\\/wp-content\\\/uploads\\\/2025\\\/11\\\/laptiteaude.sweat_.lpa-biker-noir-crane.png\",\"datePublished\":\"2025-11-14T06:41:44+00:00\",\"dateModified\":\"2025-12-01T11:12:29+00:00\",\"breadcrumb\":{\"@id\":\"https:\\\/\\\/www.laptiteaude.fr\\\/produit\\\/serie-limitee-biker-crane\\\/#breadcrumb\"},\"inLanguage\":\"es\",\"potentialAction\":[{\"@type\":\"ReadAction\",\"target\":[\"https:\\\/\\\/www.laptiteaude.fr\\\/produit\\\/serie-limitee-biker-crane\\\/\"]}]},{\"@type\":\"ImageObject\",\"inLanguage\":\"es\",\"@id\":\"https:\\\/\\\/www.laptiteaude.fr\\\/produit\\\/serie-limitee-biker-crane\\\/#primaryimage\",\"url\":\"https:\\\/\\\/www.laptiteaude.fr\\\/wp-content\\\/uploads\\\/2025\\\/11\\\/laptiteaude.sweat_.lpa-biker-noir-crane.png\",\"contentUrl\":\"https:\\\/\\\/www.laptiteaude.fr\\\/wp-content\\\/uploads\\\/2025\\\/11\\\/laptiteaude.sweat_.lpa-biker-noir-crane.png\"},{\"@type\":\"BreadcrumbList\",\"@id\":\"https:\\\/\\\/www.laptiteaude.fr\\\/produit\\\/serie-limitee-biker-crane\\\/#breadcrumb\",\"itemListElement\":[{\"@type\":\"ListItem\",\"position\":1,\"name\":\"Accueil\",\"item\":\"https:\\\/\\\/www.laptiteaude.fr\\\/\"},{\"@type\":\"ListItem\",\"position\":2,\"name\":\"La Ptite Aude | Boutique\",\"item\":\"https:\\\/\\\/www.laptiteaude.fr\\\/boutique\\\/\"},{\"@type\":\"ListItem\",\"position\":3,\"name\":\"SERIE LIMITEE BIKER CRANE\"}]},{\"@type\":\"WebSite\",\"@id\":\"https:\\\/\\\/www.laptiteaude.fr\\\/#website\",\"url\":\"https:\\\/\\\/www.laptiteaude.fr\\\/\",\"name\":\"La Ptite Aude\",\"description\":\"\u00c9couter son \u00e2me et affirmer son style\",\"publisher\":{\"@id\":\"https:\\\/\\\/www.laptiteaude.fr\\\/#organization\"},\"potentialAction\":[{\"@type\":\"SearchAction\",\"target\":{\"@type\":\"EntryPoint\",\"urlTemplate\":\"https:\\\/\\\/www.laptiteaude.fr\\\/?s={search_term_string}\"},\"query-input\":{\"@type\":\"PropertyValueSpecification\",\"valueRequired\":true,\"valueName\":\"search_term_string\"}}],\"inLanguage\":\"es\"},{\"@type\":\"Organization\",\"@id\":\"https:\\\/\\\/www.laptiteaude.fr\\\/#organization\",\"name\":\"La Ptite Aude\",\"url\":\"https:\\\/\\\/www.laptiteaude.fr\\\/\",\"logo\":{\"@type\":\"ImageObject\",\"inLanguage\":\"es\",\"@id\":\"https:\\\/\\\/www.laptiteaude.fr\\\/#\\\/schema\\\/logo\\\/image\\\/\",\"url\":\"https:\\\/\\\/www.laptiteaude.fr\\\/wp-content\\\/uploads\\\/2025\\\/11\\\/laptiteaude-logo.png\",\"contentUrl\":\"https:\\\/\\\/www.laptiteaude.fr\\\/wp-content\\\/uploads\\\/2025\\\/11\\\/laptiteaude-logo.png\",\"width\":350,\"height\":100,\"caption\":\"La Ptite Aude\"},\"image\":{\"@id\":\"https:\\\/\\\/www.laptiteaude.fr\\\/#\\\/schema\\\/logo\\\/image\\\/\"}}]}<\/script>\n<!-- \/ Yoast SEO plugin. -->","yoast_head_json":{"title":"SERIE LIMITEE BIKER CRANE - La Ptite Aude","robots":{"index":"index","follow":"follow","max-snippet":"max-snippet:-1","max-image-preview":"max-image-preview:large","max-video-preview":"max-video-preview:-1"},"canonical":"https:\/\/www.laptiteaude.fr\/es\/producto\/serie-limitee-biker-crane\/","og_locale":"es_ES","og_type":"article","og_title":"SERIE LIMITEE BIKER CRANE - La Ptite Aude","og_description":"Le sweat en \u00e9dition limit\u00e9e Biker s\u2019inspire du style embl\u00e9matique des riders Harley-Davidson : noir intense, broderie orange flamboyante, et caract\u00e8re affirm\u00e9.Con\u00e7u comme une \u00e9dition limit\u00e9e, il exprime l\u2019\u00e2me d\u2019un esprit libre entre puissance, authenticit\u00e9 et vibration int\u00e9rieure.  Personnalisable avec votre propre pr\u00e9nom \u00e0 l'avant et \u00e0 l'arri\u00e8re du sweat (La P\u2019tite Jeanne, Le P\u2019tit Luc\u2026), il devient plus qu\u2019un v\u00eatement : un blason personnel, symbole de votre route, de votre histoire et de votre \u00e9nergie.  Sweat noir et broderies beige.","og_url":"https:\/\/www.laptiteaude.fr\/es\/producto\/serie-limitee-biker-crane\/","og_site_name":"La Ptite Aude","article_modified_time":"2025-12-01T11:12:29+00:00","og_image":[{"url":"https:\/\/www.laptiteaude.fr\/wp-content\/uploads\/2025\/11\/laptiteaude.sweat_.lpa-biker-noir-crane.png","width":1,"height":1,"type":"image\/png"}],"twitter_card":"summary_large_image","twitter_misc":{"Tiempo de lectura":"1 minuto"},"schema":{"@context":"https:\/\/schema.org","@graph":[{"@type":"WebPage","@id":"https:\/\/www.laptiteaude.fr\/produit\/serie-limitee-biker-crane\/","url":"https:\/\/www.laptiteaude.fr\/produit\/serie-limitee-biker-crane\/","name":"SERIE LIMITEE BIKER CRANE - La Ptite Aude","isPartOf":{"@id":"https:\/\/www.laptiteaude.fr\/#website"},"primaryImageOfPage":{"@id":"https:\/\/www.laptiteaude.fr\/produit\/serie-limitee-biker-crane\/#primaryimage"},"image":{"@id":"https:\/\/www.laptiteaude.fr\/produit\/serie-limitee-biker-crane\/#primaryimage"},"thumbnailUrl":"https:\/\/www.laptiteaude.fr\/wp-content\/uploads\/2025\/11\/laptiteaude.sweat_.lpa-biker-noir-crane.png","datePublished":"2025-11-14T06:41:44+00:00","dateModified":"2025-12-01T11:12:29+00:00","breadcrumb":{"@id":"https:\/\/www.laptiteaude.fr\/produit\/serie-limitee-biker-crane\/#breadcrumb"},"inLanguage":"es","potentialAction":[{"@type":"ReadAction","target":["https:\/\/www.laptiteaude.fr\/produit\/serie-limitee-biker-crane\/"]}]},{"@type":"ImageObject","inLanguage":"es","@id":"https:\/\/www.laptiteaude.fr\/produit\/serie-limitee-biker-crane\/#primaryimage","url":"https:\/\/www.laptiteaude.fr\/wp-content\/uploads\/2025\/11\/laptiteaude.sweat_.lpa-biker-noir-crane.png","contentUrl":"https:\/\/www.laptiteaude.fr\/wp-content\/uploads\/2025\/11\/laptiteaude.sweat_.lpa-biker-noir-crane.png"},{"@type":"BreadcrumbList","@id":"https:\/\/www.laptiteaude.fr\/produit\/serie-limitee-biker-crane\/#breadcrumb","itemListElement":[{"@type":"ListItem","position":1,"name":"Accueil","item":"https:\/\/www.laptiteaude.fr\/"},{"@type":"ListItem","position":2,"name":"La Ptite Aude | Boutique","item":"https:\/\/www.laptiteaude.fr\/boutique\/"},{"@type":"ListItem","position":3,"name":"SERIE LIMITEE BIKER CRANE"}]},{"@type":"WebSite","@id":"https:\/\/www.laptiteaude.fr\/#website","url":"https:\/\/www.laptiteaude.fr\/","name":"La Ptite Aude","description":"\u00c9couter son \u00e2me et affirmer son style","publisher":{"@id":"https:\/\/www.laptiteaude.fr\/#organization"},"potentialAction":[{"@type":"SearchAction","target":{"@type":"EntryPoint","urlTemplate":"https:\/\/www.laptiteaude.fr\/?s={search_term_string}"},"query-input":{"@type":"PropertyValueSpecification","valueRequired":true,"valueName":"search_term_string"}}],"inLanguage":"es"},{"@type":"Organization","@id":"https:\/\/www.laptiteaude.fr\/#organization","name":"La Ptite Aude","url":"https:\/\/www.laptiteaude.fr\/","logo":{"@type":"ImageObject","inLanguage":"es","@id":"https:\/\/www.laptiteaude.fr\/#\/schema\/logo\/image\/","url":"https:\/\/www.laptiteaude.fr\/wp-content\/uploads\/2025\/11\/laptiteaude-logo.png","contentUrl":"https:\/\/www.laptiteaude.fr\/wp-content\/uploads\/2025\/11\/laptiteaude-logo.png","width":350,"height":100,"caption":"La Ptite Aude"},"image":{"@id":"https:\/\/www.laptiteaude.fr\/#\/schema\/logo\/image\/"}}]}},"jetpack_sharing_enabled":true,"_links":{"self":[{"href":"https:\/\/www.laptiteaude.fr\/es\/wp-json\/wp\/v2\/product\/521","targetHints":{"allow":["GET"]}}],"collection":[{"href":"https:\/\/www.laptiteaude.fr\/es\/wp-json\/wp\/v2\/product"}],"about":[{"href":"https:\/\/www.laptiteaude.fr\/es\/wp-json\/wp\/v2\/types\/product"}],"version-history":[{"count":5,"href":"https:\/\/www.laptiteaude.fr\/es\/wp-json\/wp\/v2\/product\/521\/revisions"}],"predecessor-version":[{"id":636,"href":"https:\/\/www.laptiteaude.fr\/es\/wp-json\/wp\/v2\/product\/521\/revisions\/636"}],"wp:featuredmedia":[{"embeddable":true,"href":"https:\/\/www.laptiteaude.fr\/es\/wp-json\/wp\/v2\/media\/626"}],"wp:attachment":[{"href":"https:\/\/www.laptiteaude.fr\/es\/wp-json\/wp\/v2\/media?parent=521"}],"wp:term":[{"taxonomy":"product_brand","embeddable":true,"href":"https:\/\/www.laptiteaude.fr\/es\/wp-json\/wp\/v2\/product_brand?post=521"},{"taxonomy":"product_cat","embeddable":true,"href":"https:\/\/www.laptiteaude.fr\/es\/wp-json\/wp\/v2\/product_cat?post=521"},{"taxonomy":"product_tag","embeddable":true,"href":"https:\/\/www.laptiteaude.fr\/es\/wp-json\/wp\/v2\/product_tag?post=521"}],"curies":[{"name":"wp","href":"https:\/\/api.w.org\/{rel}","templated":true}]}}