{"id":779,"date":"2026-04-21T17:27:55","date_gmt":"2026-04-21T15:27:55","guid":{"rendered":"https:\/\/www.laptiteaude.fr\/?post_type=product&#038;p=779"},"modified":"2026-04-27T15:30:13","modified_gmt":"2026-04-27T13:30:13","slug":"questions-reponses","status":"publish","type":"product","link":"https:\/\/www.laptiteaude.fr\/es\/producto\/questions-reponses\/","title":{"rendered":"Questions \/ Reponses"},"content":{"rendered":"","protected":false},"excerpt":{"rendered":"<p><strong data-start=\"63\" data-end=\"155\">Tu te pose des questions sur ta vie ou tu ressens le besoin d\u2019y voir plus clair ?<\/strong><br data-start=\"155\" data-end=\"158\" \/>Pose-moi ta question, je te r\u00e9pond avec un \u00e9clairage intuitif et personnalis\u00e9 pour t&rsquo;aider \u00e0 mieux comprendre ta situation, avancer avec plus de s\u00e9r\u00e9nit\u00e9 et prendre des d\u00e9cisions en accord avec toi-m\u00eame.<\/p>","protected":false},"featured_media":789,"template":"","meta":{"_acf_changed":false},"product_brand":[],"product_cat":[20],"product_tag":[],"class_list":{"0":"post-779","1":"product","2":"type-product","3":"status-publish","4":"has-post-thumbnail","6":"product_cat-mediumnite","8":"first","9":"instock","10":"virtual","11":"sold-individually","12":"taxable","13":"purchasable","14":"product-type-simple"},"acf":[],"yoast_head":"<!-- This site is optimized with the Yoast SEO plugin v27.4 - https:\/\/yoast.com\/product\/yoast-seo-wordpress\/ -->\n<title>Questions \/ Reponses - La Ptite Aude<\/title>\n<meta name=\"robots\" content=\"index, follow, max-snippet:-1, max-image-preview:large, max-video-preview:-1\" \/>\n<link rel=\"canonical\" href=\"https:\/\/www.laptiteaude.fr\/es\/producto\/questions-reponses\/\" \/>\n<meta property=\"og:locale\" content=\"es_ES\" \/>\n<meta property=\"og:type\" content=\"article\" \/>\n<meta property=\"og:title\" content=\"Questions \/ Reponses - La Ptite Aude\" \/>\n<meta property=\"og:description\" content=\"Tu te pose des questions sur ta vie ou tu ressens le besoin d\u2019y voir plus clair ?Pose-moi ta question, je te r\u00e9pond avec un \u00e9clairage intuitif et personnalis\u00e9 pour t&#039;aider \u00e0 mieux comprendre ta situation, avancer avec plus de s\u00e9r\u00e9nit\u00e9 et prendre des d\u00e9cisions en accord avec toi-m\u00eame.\" \/>\n<meta property=\"og:url\" content=\"https:\/\/www.laptiteaude.fr\/es\/producto\/questions-reponses\/\" \/>\n<meta property=\"og:site_name\" content=\"La Ptite Aude\" \/>\n<meta property=\"article:modified_time\" content=\"2026-04-27T13:30:13+00:00\" \/>\n<meta property=\"og:image\" content=\"https:\/\/www.laptiteaude.fr\/wp-content\/uploads\/2026\/04\/laptiteaude-questions-1-scaled.png\" \/>\n\t<meta property=\"og:image:width\" content=\"1707\" \/>\n\t<meta property=\"og:image:height\" content=\"2560\" \/>\n\t<meta property=\"og:image:type\" content=\"image\/png\" \/>\n<meta name=\"twitter:card\" content=\"summary_large_image\" \/>\n<meta name=\"twitter:label1\" content=\"Tiempo de lectura\" \/>\n\t<meta name=\"twitter:data1\" content=\"1 minuto\" \/>\n<script type=\"application\/ld+json\" class=\"yoast-schema-graph\">{\"@context\":\"https:\\\/\\\/schema.org\",\"@graph\":[{\"@type\":\"WebPage\",\"@id\":\"https:\\\/\\\/www.laptiteaude.fr\\\/produit\\\/questions-reponses\\\/\",\"url\":\"https:\\\/\\\/www.laptiteaude.fr\\\/produit\\\/questions-reponses\\\/\",\"name\":\"Questions \\\/ Reponses - La Ptite Aude\",\"isPartOf\":{\"@id\":\"https:\\\/\\\/www.laptiteaude.fr\\\/#website\"},\"primaryImageOfPage\":{\"@id\":\"https:\\\/\\\/www.laptiteaude.fr\\\/produit\\\/questions-reponses\\\/#primaryimage\"},\"image\":{\"@id\":\"https:\\\/\\\/www.laptiteaude.fr\\\/produit\\\/questions-reponses\\\/#primaryimage\"},\"thumbnailUrl\":\"https:\\\/\\\/www.laptiteaude.fr\\\/wp-content\\\/uploads\\\/2026\\\/04\\\/laptiteaude-questions-1-scaled.png\",\"datePublished\":\"2026-04-21T15:27:55+00:00\",\"dateModified\":\"2026-04-27T13:30:13+00:00\",\"breadcrumb\":{\"@id\":\"https:\\\/\\\/www.laptiteaude.fr\\\/produit\\\/questions-reponses\\\/#breadcrumb\"},\"inLanguage\":\"es\",\"potentialAction\":[{\"@type\":\"ReadAction\",\"target\":[\"https:\\\/\\\/www.laptiteaude.fr\\\/produit\\\/questions-reponses\\\/\"]}]},{\"@type\":\"ImageObject\",\"inLanguage\":\"es\",\"@id\":\"https:\\\/\\\/www.laptiteaude.fr\\\/produit\\\/questions-reponses\\\/#primaryimage\",\"url\":\"https:\\\/\\\/www.laptiteaude.fr\\\/wp-content\\\/uploads\\\/2026\\\/04\\\/laptiteaude-questions-1-scaled.png\",\"contentUrl\":\"https:\\\/\\\/www.laptiteaude.fr\\\/wp-content\\\/uploads\\\/2026\\\/04\\\/laptiteaude-questions-1-scaled.png\",\"width\":1707,\"height\":2560},{\"@type\":\"BreadcrumbList\",\"@id\":\"https:\\\/\\\/www.laptiteaude.fr\\\/produit\\\/questions-reponses\\\/#breadcrumb\",\"itemListElement\":[{\"@type\":\"ListItem\",\"position\":1,\"name\":\"Accueil\",\"item\":\"https:\\\/\\\/www.laptiteaude.fr\\\/\"},{\"@type\":\"ListItem\",\"position\":2,\"name\":\"La Ptite Aude | Boutique\",\"item\":\"https:\\\/\\\/www.laptiteaude.fr\\\/boutique\\\/\"},{\"@type\":\"ListItem\",\"position\":3,\"name\":\"Questions \\\/ Reponses\"}]},{\"@type\":\"WebSite\",\"@id\":\"https:\\\/\\\/www.laptiteaude.fr\\\/#website\",\"url\":\"https:\\\/\\\/www.laptiteaude.fr\\\/\",\"name\":\"La Ptite Aude\",\"description\":\"\u00c9couter son \u00e2me et affirmer son style\",\"publisher\":{\"@id\":\"https:\\\/\\\/www.laptiteaude.fr\\\/#organization\"},\"potentialAction\":[{\"@type\":\"SearchAction\",\"target\":{\"@type\":\"EntryPoint\",\"urlTemplate\":\"https:\\\/\\\/www.laptiteaude.fr\\\/?s={search_term_string}\"},\"query-input\":{\"@type\":\"PropertyValueSpecification\",\"valueRequired\":true,\"valueName\":\"search_term_string\"}}],\"inLanguage\":\"es\"},{\"@type\":\"Organization\",\"@id\":\"https:\\\/\\\/www.laptiteaude.fr\\\/#organization\",\"name\":\"La Ptite Aude\",\"url\":\"https:\\\/\\\/www.laptiteaude.fr\\\/\",\"logo\":{\"@type\":\"ImageObject\",\"inLanguage\":\"es\",\"@id\":\"https:\\\/\\\/www.laptiteaude.fr\\\/#\\\/schema\\\/logo\\\/image\\\/\",\"url\":\"https:\\\/\\\/www.laptiteaude.fr\\\/wp-content\\\/uploads\\\/2025\\\/11\\\/laptiteaude-logo.png\",\"contentUrl\":\"https:\\\/\\\/www.laptiteaude.fr\\\/wp-content\\\/uploads\\\/2025\\\/11\\\/laptiteaude-logo.png\",\"width\":350,\"height\":100,\"caption\":\"La Ptite Aude\"},\"image\":{\"@id\":\"https:\\\/\\\/www.laptiteaude.fr\\\/#\\\/schema\\\/logo\\\/image\\\/\"}}]}<\/script>\n<!-- \/ Yoast SEO plugin. -->","yoast_head_json":{"title":"Questions \/ Reponses - La Ptite Aude","robots":{"index":"index","follow":"follow","max-snippet":"max-snippet:-1","max-image-preview":"max-image-preview:large","max-video-preview":"max-video-preview:-1"},"canonical":"https:\/\/www.laptiteaude.fr\/es\/producto\/questions-reponses\/","og_locale":"es_ES","og_type":"article","og_title":"Questions \/ Reponses - La Ptite Aude","og_description":"Tu te pose des questions sur ta vie ou tu ressens le besoin d\u2019y voir plus clair ?Pose-moi ta question, je te r\u00e9pond avec un \u00e9clairage intuitif et personnalis\u00e9 pour t'aider \u00e0 mieux comprendre ta situation, avancer avec plus de s\u00e9r\u00e9nit\u00e9 et prendre des d\u00e9cisions en accord avec toi-m\u00eame.","og_url":"https:\/\/www.laptiteaude.fr\/es\/producto\/questions-reponses\/","og_site_name":"La Ptite Aude","article_modified_time":"2026-04-27T13:30:13+00:00","og_image":[{"width":1707,"height":2560,"url":"https:\/\/www.laptiteaude.fr\/wp-content\/uploads\/2026\/04\/laptiteaude-questions-1-scaled.png","type":"image\/png"}],"twitter_card":"summary_large_image","twitter_misc":{"Tiempo de lectura":"1 minuto"},"schema":{"@context":"https:\/\/schema.org","@graph":[{"@type":"WebPage","@id":"https:\/\/www.laptiteaude.fr\/produit\/questions-reponses\/","url":"https:\/\/www.laptiteaude.fr\/produit\/questions-reponses\/","name":"Questions \/ Reponses - La Ptite Aude","isPartOf":{"@id":"https:\/\/www.laptiteaude.fr\/#website"},"primaryImageOfPage":{"@id":"https:\/\/www.laptiteaude.fr\/produit\/questions-reponses\/#primaryimage"},"image":{"@id":"https:\/\/www.laptiteaude.fr\/produit\/questions-reponses\/#primaryimage"},"thumbnailUrl":"https:\/\/www.laptiteaude.fr\/wp-content\/uploads\/2026\/04\/laptiteaude-questions-1-scaled.png","datePublished":"2026-04-21T15:27:55+00:00","dateModified":"2026-04-27T13:30:13+00:00","breadcrumb":{"@id":"https:\/\/www.laptiteaude.fr\/produit\/questions-reponses\/#breadcrumb"},"inLanguage":"es","potentialAction":[{"@type":"ReadAction","target":["https:\/\/www.laptiteaude.fr\/produit\/questions-reponses\/"]}]},{"@type":"ImageObject","inLanguage":"es","@id":"https:\/\/www.laptiteaude.fr\/produit\/questions-reponses\/#primaryimage","url":"https:\/\/www.laptiteaude.fr\/wp-content\/uploads\/2026\/04\/laptiteaude-questions-1-scaled.png","contentUrl":"https:\/\/www.laptiteaude.fr\/wp-content\/uploads\/2026\/04\/laptiteaude-questions-1-scaled.png","width":1707,"height":2560},{"@type":"BreadcrumbList","@id":"https:\/\/www.laptiteaude.fr\/produit\/questions-reponses\/#breadcrumb","itemListElement":[{"@type":"ListItem","position":1,"name":"Accueil","item":"https:\/\/www.laptiteaude.fr\/"},{"@type":"ListItem","position":2,"name":"La Ptite Aude | Boutique","item":"https:\/\/www.laptiteaude.fr\/boutique\/"},{"@type":"ListItem","position":3,"name":"Questions \/ Reponses"}]},{"@type":"WebSite","@id":"https:\/\/www.laptiteaude.fr\/#website","url":"https:\/\/www.laptiteaude.fr\/","name":"La Ptite Aude","description":"\u00c9couter son \u00e2me et affirmer son style","publisher":{"@id":"https:\/\/www.laptiteaude.fr\/#organization"},"potentialAction":[{"@type":"SearchAction","target":{"@type":"EntryPoint","urlTemplate":"https:\/\/www.laptiteaude.fr\/?s={search_term_string}"},"query-input":{"@type":"PropertyValueSpecification","valueRequired":true,"valueName":"search_term_string"}}],"inLanguage":"es"},{"@type":"Organization","@id":"https:\/\/www.laptiteaude.fr\/#organization","name":"La Ptite Aude","url":"https:\/\/www.laptiteaude.fr\/","logo":{"@type":"ImageObject","inLanguage":"es","@id":"https:\/\/www.laptiteaude.fr\/#\/schema\/logo\/image\/","url":"https:\/\/www.laptiteaude.fr\/wp-content\/uploads\/2025\/11\/laptiteaude-logo.png","contentUrl":"https:\/\/www.laptiteaude.fr\/wp-content\/uploads\/2025\/11\/laptiteaude-logo.png","width":350,"height":100,"caption":"La Ptite Aude"},"image":{"@id":"https:\/\/www.laptiteaude.fr\/#\/schema\/logo\/image\/"}}]}},"jetpack_sharing_enabled":true,"_links":{"self":[{"href":"https:\/\/www.laptiteaude.fr\/es\/wp-json\/wp\/v2\/product\/779","targetHints":{"allow":["GET"]}}],"collection":[{"href":"https:\/\/www.laptiteaude.fr\/es\/wp-json\/wp\/v2\/product"}],"about":[{"href":"https:\/\/www.laptiteaude.fr\/es\/wp-json\/wp\/v2\/types\/product"}],"version-history":[{"count":3,"href":"https:\/\/www.laptiteaude.fr\/es\/wp-json\/wp\/v2\/product\/779\/revisions"}],"predecessor-version":[{"id":790,"href":"https:\/\/www.laptiteaude.fr\/es\/wp-json\/wp\/v2\/product\/779\/revisions\/790"}],"wp:featuredmedia":[{"embeddable":true,"href":"https:\/\/www.laptiteaude.fr\/es\/wp-json\/wp\/v2\/media\/789"}],"wp:attachment":[{"href":"https:\/\/www.laptiteaude.fr\/es\/wp-json\/wp\/v2\/media?parent=779"}],"wp:term":[{"taxonomy":"product_brand","embeddable":true,"href":"https:\/\/www.laptiteaude.fr\/es\/wp-json\/wp\/v2\/product_brand?post=779"},{"taxonomy":"product_cat","embeddable":true,"href":"https:\/\/www.laptiteaude.fr\/es\/wp-json\/wp\/v2\/product_cat?post=779"},{"taxonomy":"product_tag","embeddable":true,"href":"https:\/\/www.laptiteaude.fr\/es\/wp-json\/wp\/v2\/product_tag?post=779"}],"curies":[{"name":"wp","href":"https:\/\/api.w.org\/{rel}","templated":true}]}}